{"id":5939,"date":"2017-09-25T19:58:24","date_gmt":"2017-09-25T22:58:24","guid":{"rendered":"http:\/\/www.conservacionybiodiversidad.cl\/?page_id=5939"},"modified":"2017-09-25T19:58:24","modified_gmt":"2017-09-25T22:58:24","slug":"tramitacion-ley-sbap","status":"publish","type":"page","link":"https:\/\/www.terram.cl\/biodiversidad\/tramitacion-ley-sbap\/","title":{"rendered":"Tramitaci\u00f3n Ley SBAP"},"content":{"rendered":"<!========= Cool Timeline PRO 3.2 =========><div style=\"opacity:0;\" \r\n    data-showposts=\"10\"\r\n     class=\"cool_timeline cool-timeline-wrapper both-sided-wrapper white-timeline-wrapper main-default\" \r\n     id=\"tm-default-default-5\"  \r\n     data-pagination=\"yes\"  \r\n     data-pagination-position=\"right\"><H2 class = \"timeline-main-title center-block\">Tramitaci\u00f3n Ley SBAP <\/H2>\n<div class=\"cool-timeline ultimate-style  white-timeline\"><div  class=\"filter-preloaders\"><img decoding=\"async\" src=\"https:\/\/www.terram.cl\/biodiversidad\/wp-content\/plugins\/cool-timeline-pro\/\/assets\/images\/clt-compact-preloader.gif\"><\/div><div data-animations=\"fade-in\"  id=\"timeline-tramitacion-ley-sbap\" class=\"cooltimeline_cont  clearfix icons_no\"><div data-cls=\"sc-nv-default white-timeline\" class=\"timeline-year scrollable-section default-year\"data-section-title=\"2017\" id=\"year-2017\"><span  class=\"ctl-timeline-date\">2017<\/span><\/div><!-- .timeline-post-start--><div   data-alternate=\"0\" id=\"story-6099\" class=\"timeline-post even light-grey-post icons_no post-6099  default-meta\"><div   data-aos=\"fade-in\" class=\"timeline-meta\"><div class=\"meta-details\">Oct 20<\/div><\/div><div  data-aos=\"fade-in\" class=\"timeline-icon icon-dot-full default-dot\"><div class=\"timeline-bar\"><\/div><\/div><div  data-aos=\"fade-in\"  class=\"timeline-content  clearfix even  full default-content \"><h2 class=\"content-title\"><a title=\"Importante:\" href=\"https:\/\/www.terram.cl\/biodiversidad\/timeline\/a-la-fecha-no-existe-un-documento-publico-o-privado-que-de-cuenta-de-estado-de-aprobacion-de-los-contenidos-del-proyecto\/\">Importante:<\/a><\/h2><div class=\"ctl_info event-description full\"><div class=\"full-width\"><a title=\"Importante:\"  href=\"https:\/\/www.terram.cl\/biodiversidad\/timeline\/a-la-fecha-no-existe-un-documento-publico-o-privado-que-de-cuenta-de-estado-de-aprobacion-de-los-contenidos-del-proyecto\/\" class=\"\"><img loading=\"lazy\" decoding=\"async\" width=\"950\" height=\"628\" src=\"https:\/\/www.terram.cl\/biodiversidad\/wp-content\/uploads\/sites\/3\/2017\/10\/Tricahue9941.jpg\" class=\"story-img wp-post-image\" alt=\"Importante:\" srcset=\"https:\/\/www.terram.cl\/biodiversidad\/wp-content\/uploads\/sites\/3\/2017\/10\/Tricahue9941.jpg 950w, https:\/\/www.terram.cl\/biodiversidad\/wp-content\/uploads\/sites\/3\/2017\/10\/Tricahue9941-300x198.jpg 300w, https:\/\/www.terram.cl\/biodiversidad\/wp-content\/uploads\/sites\/3\/2017\/10\/Tricahue9941-768x508.jpg 768w, https:\/\/www.terram.cl\/biodiversidad\/wp-content\/uploads\/sites\/3\/2017\/10\/Tricahue9941-221x146.jpg 221w, https:\/\/www.terram.cl\/biodiversidad\/wp-content\/uploads\/sites\/3\/2017\/10\/Tricahue9941-50x33.jpg 50w, https:\/\/www.terram.cl\/biodiversidad\/wp-content\/uploads\/sites\/3\/2017\/10\/Tricahue9941-182x120.jpg 182w\" sizes=\"auto, (max-width: 950px) 100vw, 950px\" \/><\/a><\/div><div class=\"content-details\"><p>A la fecha no existe un documento p\u00fablico o privado que de cuenta del estado de aprobaci\u00f3n de los contenidos del proyecto.<\/p><\/div><\/div><\/div><!-- timeline content --><\/div>\r\n        <!-- .timeline-post-end --><!-- .timeline-post-start--><div   data-alternate=\"1\" id=\"story-5962\" class=\"timeline-post odd light-grey-post icons_no post-5962 story-cat-390  default-meta\"><div   data-aos=\"fade-in\" class=\"timeline-meta\"><div class=\"meta-details\">Oct 03<\/div><\/div><div  data-aos=\"fade-in\" class=\"timeline-icon icon-dot-full default-dot\"><div class=\"timeline-bar\"><\/div><\/div><div  data-aos=\"fade-in\"  class=\"timeline-content  clearfix odd  full default-content \"><h2 class=\"content-title\"><a title=\"Octubre: Proyecto ingresa a la Comisi\u00f3n de Hacienda del Senado\" href=\"https:\/\/www.terram.cl\/biodiversidad\/timeline\/octubre-2017\/\">Octubre: Proyecto ingresa a la Comisi\u00f3n de Hacienda del Senado<\/a><\/h2><div class=\"ctl_info event-description full\"><div class=\"full-width\"><a title=\"Octubre: Proyecto ingresa a la Comisi\u00f3n de Hacienda del Senado\"  href=\"https:\/\/www.terram.cl\/biodiversidad\/timeline\/octubre-2017\/\" class=\"\"><img loading=\"lazy\" decoding=\"async\" width=\"400\" height=\"276\" src=\"https:\/\/www.terram.cl\/biodiversidad\/wp-content\/uploads\/sites\/3\/2017\/10\/senado-sbap-oct-2017.jpg\" class=\"story-img wp-post-image\" alt=\"Octubre: Proyecto ingresa a la Comisi\u00f3n de Hacienda del Senado\" srcset=\"https:\/\/www.terram.cl\/biodiversidad\/wp-content\/uploads\/sites\/3\/2017\/10\/senado-sbap-oct-2017.jpg 400w, https:\/\/www.terram.cl\/biodiversidad\/wp-content\/uploads\/sites\/3\/2017\/10\/senado-sbap-oct-2017-300x207.jpg 300w, https:\/\/www.terram.cl\/biodiversidad\/wp-content\/uploads\/sites\/3\/2017\/10\/senado-sbap-oct-2017-212x146.jpg 212w, https:\/\/www.terram.cl\/biodiversidad\/wp-content\/uploads\/sites\/3\/2017\/10\/senado-sbap-oct-2017-50x35.jpg 50w, https:\/\/www.terram.cl\/biodiversidad\/wp-content\/uploads\/sites\/3\/2017\/10\/senado-sbap-oct-2017-174x120.jpg 174w\" sizes=\"auto, (max-width: 400px) 100vw, 400px\" \/><\/a><\/div><div class=\"content-details\"><p>23 de octubre: Todo el articulado se encuentra aprobado, incluyendo las relativas al r\u00e9gimen laboral de los funcionarios de CONAF. El proyecto es despachado desde la..<a class=\"read_more ctl_read_more\" href=\"https:\/\/www.terram.cl\/biodiversidad\/timeline\/octubre-2017\/\">Lee mas<\/a><\/p><\/div><\/div><\/div><!-- timeline content --><\/div>\r\n        <!-- .timeline-post-end --><!-- .timeline-post-start--><div   data-alternate=\"2\" id=\"story-5961\" class=\"timeline-post even light-grey-post icons_no post-5961 story-cat-390  default-meta\"><div   data-aos=\"fade-in\" class=\"timeline-meta\"><div class=\"meta-details\">Jun 01<\/div><\/div><div  data-aos=\"fade-in\" class=\"timeline-icon icon-dot-full default-dot\"><div class=\"timeline-bar\"><\/div><\/div><div  data-aos=\"fade-in\"  class=\"timeline-content  clearfix even  full default-content \"><h2 class=\"content-title\"><a title=\"Junio 2017\" href=\"https:\/\/www.terram.cl\/biodiversidad\/timeline\/junio-2017\/\">Junio 2017<\/a><\/h2><div class=\"ctl_info event-description full\"><div class=\"full-width\"><a title=\"Junio 2017\"  href=\"https:\/\/www.terram.cl\/biodiversidad\/timeline\/junio-2017\/\" class=\"\"><img loading=\"lazy\" decoding=\"async\" width=\"1024\" height=\"693\" src=\"https:\/\/www.terram.cl\/biodiversidad\/wp-content\/uploads\/sites\/3\/2019\/12\/logo-placeholder-biodiversidad-1024x693.jpg\" class=\"story-img default-featured-img\" alt=\"Junio 2017\" srcset=\"https:\/\/www.terram.cl\/biodiversidad\/wp-content\/uploads\/sites\/3\/2019\/12\/logo-placeholder-biodiversidad-1024x693.jpg 1024w, https:\/\/www.terram.cl\/biodiversidad\/wp-content\/uploads\/sites\/3\/2019\/12\/logo-placeholder-biodiversidad-300x203.jpg 300w, https:\/\/www.terram.cl\/biodiversidad\/wp-content\/uploads\/sites\/3\/2019\/12\/logo-placeholder-biodiversidad-768x520.jpg 768w, https:\/\/www.terram.cl\/biodiversidad\/wp-content\/uploads\/sites\/3\/2019\/12\/logo-placeholder-biodiversidad-1536x1040.jpg 1536w, https:\/\/www.terram.cl\/biodiversidad\/wp-content\/uploads\/sites\/3\/2019\/12\/logo-placeholder-biodiversidad-216x146.jpg 216w, https:\/\/www.terram.cl\/biodiversidad\/wp-content\/uploads\/sites\/3\/2019\/12\/logo-placeholder-biodiversidad-50x34.jpg 50w, https:\/\/www.terram.cl\/biodiversidad\/wp-content\/uploads\/sites\/3\/2019\/12\/logo-placeholder-biodiversidad-177x120.jpg 177w, https:\/\/www.terram.cl\/biodiversidad\/wp-content\/uploads\/sites\/3\/2019\/12\/logo-placeholder-biodiversidad.jpg 1920w\" sizes=\"auto, (max-width: 1024px) 100vw, 1024px\" \/><\/a><\/div><div class=\"content-details\"><p>Ejecutivo presenta indicaciones de las materias consultadas en el proceso de consulta ind\u00edgena. &nbsp;<\/p><\/div><\/div><\/div><!-- timeline content --><\/div>\r\n        <!-- .timeline-post-end --><!-- .timeline-post-start--><div   data-alternate=\"3\" id=\"story-5960\" class=\"timeline-post odd light-grey-post icons_no post-5960 story-cat-390  default-meta\"><div   data-aos=\"fade-in\" class=\"timeline-meta\"><div class=\"meta-details\">Abr 01<\/div><\/div><div  data-aos=\"fade-in\" class=\"timeline-icon icon-dot-full default-dot\"><div class=\"timeline-bar\"><\/div><\/div><div  data-aos=\"fade-in\"  class=\"timeline-content  clearfix odd  full default-content \"><h2 class=\"content-title\"><a title=\"abril &#8211; mayo 2017\" href=\"https:\/\/www.terram.cl\/biodiversidad\/timeline\/abril-a-mayo-2017\/\">abril &#8211; mayo 2017<\/a><\/h2><div class=\"ctl_info event-description full\"><div class=\"full-width\"><a title=\"abril &#8211; mayo 2017\"  href=\"https:\/\/www.terram.cl\/biodiversidad\/timeline\/abril-a-mayo-2017\/\" class=\"\"><img loading=\"lazy\" decoding=\"async\" width=\"1024\" height=\"693\" src=\"https:\/\/www.terram.cl\/biodiversidad\/wp-content\/uploads\/sites\/3\/2019\/12\/logo-placeholder-biodiversidad-1024x693.jpg\" class=\"story-img default-featured-img\" alt=\"abril &#8211; mayo 2017\" srcset=\"https:\/\/www.terram.cl\/biodiversidad\/wp-content\/uploads\/sites\/3\/2019\/12\/logo-placeholder-biodiversidad-1024x693.jpg 1024w, https:\/\/www.terram.cl\/biodiversidad\/wp-content\/uploads\/sites\/3\/2019\/12\/logo-placeholder-biodiversidad-300x203.jpg 300w, https:\/\/www.terram.cl\/biodiversidad\/wp-content\/uploads\/sites\/3\/2019\/12\/logo-placeholder-biodiversidad-768x520.jpg 768w, https:\/\/www.terram.cl\/biodiversidad\/wp-content\/uploads\/sites\/3\/2019\/12\/logo-placeholder-biodiversidad-1536x1040.jpg 1536w, https:\/\/www.terram.cl\/biodiversidad\/wp-content\/uploads\/sites\/3\/2019\/12\/logo-placeholder-biodiversidad-216x146.jpg 216w, https:\/\/www.terram.cl\/biodiversidad\/wp-content\/uploads\/sites\/3\/2019\/12\/logo-placeholder-biodiversidad-50x34.jpg 50w, https:\/\/www.terram.cl\/biodiversidad\/wp-content\/uploads\/sites\/3\/2019\/12\/logo-placeholder-biodiversidad-177x120.jpg 177w, https:\/\/www.terram.cl\/biodiversidad\/wp-content\/uploads\/sites\/3\/2019\/12\/logo-placeholder-biodiversidad.jpg 1920w\" sizes=\"auto, (max-width: 1024px) 100vw, 1024px\" \/><\/a><\/div><div class=\"content-details\"><p>Consulta ind\u00edgena en Isla de Pascua. &nbsp;<\/p><\/div><\/div><\/div><!-- timeline content --><\/div>\r\n        <!-- .timeline-post-end --><div data-cls=\"sc-nv-default white-timeline\" class=\"timeline-year scrollable-section default-year\"data-section-title=\"2016\" id=\"year-2016\"><span  class=\"ctl-timeline-date\">2016<\/span><\/div><!-- .timeline-post-start--><div   data-alternate=\"4\" id=\"story-5963\" class=\"timeline-post even light-grey-post icons_no post-5963 story-cat-390  default-meta\"><div   data-aos=\"fade-in\" class=\"timeline-meta\"><div class=\"meta-details\">Dic 03<\/div><\/div><div  data-aos=\"fade-in\" class=\"timeline-icon icon-dot-full default-dot\"><div class=\"timeline-bar\"><\/div><\/div><div  data-aos=\"fade-in\"  class=\"timeline-content  clearfix even  full default-content \"><h2 class=\"content-title\"><a title=\"Diciembre 2016\" href=\"https:\/\/www.terram.cl\/biodiversidad\/timeline\/diciembre-2016\/\">Diciembre 2016<\/a><\/h2><div class=\"ctl_info event-description full\"><div class=\"full-width\"><a title=\"Diciembre 2016\"  href=\"https:\/\/www.terram.cl\/biodiversidad\/timeline\/diciembre-2016\/\" class=\"\"><img loading=\"lazy\" decoding=\"async\" width=\"1024\" height=\"693\" src=\"https:\/\/www.terram.cl\/biodiversidad\/wp-content\/uploads\/sites\/3\/2019\/12\/logo-placeholder-biodiversidad-1024x693.jpg\" class=\"story-img default-featured-img\" alt=\"Diciembre 2016\" srcset=\"https:\/\/www.terram.cl\/biodiversidad\/wp-content\/uploads\/sites\/3\/2019\/12\/logo-placeholder-biodiversidad-1024x693.jpg 1024w, https:\/\/www.terram.cl\/biodiversidad\/wp-content\/uploads\/sites\/3\/2019\/12\/logo-placeholder-biodiversidad-300x203.jpg 300w, https:\/\/www.terram.cl\/biodiversidad\/wp-content\/uploads\/sites\/3\/2019\/12\/logo-placeholder-biodiversidad-768x520.jpg 768w, https:\/\/www.terram.cl\/biodiversidad\/wp-content\/uploads\/sites\/3\/2019\/12\/logo-placeholder-biodiversidad-1536x1040.jpg 1536w, https:\/\/www.terram.cl\/biodiversidad\/wp-content\/uploads\/sites\/3\/2019\/12\/logo-placeholder-biodiversidad-216x146.jpg 216w, https:\/\/www.terram.cl\/biodiversidad\/wp-content\/uploads\/sites\/3\/2019\/12\/logo-placeholder-biodiversidad-50x34.jpg 50w, https:\/\/www.terram.cl\/biodiversidad\/wp-content\/uploads\/sites\/3\/2019\/12\/logo-placeholder-biodiversidad-177x120.jpg 177w, https:\/\/www.terram.cl\/biodiversidad\/wp-content\/uploads\/sites\/3\/2019\/12\/logo-placeholder-biodiversidad.jpg 1920w\" sizes=\"auto, (max-width: 1024px) 100vw, 1024px\" \/><\/a><\/div><div class=\"content-details\"><p>Ejecutivo presenta indicaciones a todo el proyecto. Se inicia la discusi\u00f3n en particular. Las indicaciones presentadas no concuerdan con los temas abordados por la comisi\u00f3n t\u00e9cnica..<a class=\"read_more ctl_read_more\" href=\"https:\/\/www.terram.cl\/biodiversidad\/timeline\/diciembre-2016\/\">Lee mas<\/a><\/p><\/div><\/div><\/div><!-- timeline content --><\/div>\r\n        <!-- .timeline-post-end --><!-- .timeline-post-start--><div   data-alternate=\"5\" id=\"story-5964\" class=\"timeline-post odd light-grey-post icons_no post-5964 story-cat-390  default-meta\"><div   data-aos=\"fade-in\" class=\"timeline-meta\"><div class=\"meta-details\">Abr 03<\/div><\/div><div  data-aos=\"fade-in\" class=\"timeline-icon icon-dot-full default-dot\"><div class=\"timeline-bar\"><\/div><\/div><div  data-aos=\"fade-in\"  class=\"timeline-content  clearfix odd  full default-content \"><h2 class=\"content-title\"><a title=\"Abril &#8211; Diciembre 2016\" href=\"https:\/\/www.terram.cl\/biodiversidad\/timeline\/abril-diciembre-2016\/\">Abril &#8211; Diciembre 2016<\/a><\/h2><div class=\"ctl_info event-description full\"><div class=\"full-width\"><a title=\"Abril &#8211; Diciembre 2016\"  href=\"https:\/\/www.terram.cl\/biodiversidad\/timeline\/abril-diciembre-2016\/\" class=\"\"><img loading=\"lazy\" decoding=\"async\" width=\"1024\" height=\"693\" src=\"https:\/\/www.terram.cl\/biodiversidad\/wp-content\/uploads\/sites\/3\/2019\/12\/logo-placeholder-biodiversidad-1024x693.jpg\" class=\"story-img default-featured-img\" alt=\"Abril &#8211; Diciembre 2016\" srcset=\"https:\/\/www.terram.cl\/biodiversidad\/wp-content\/uploads\/sites\/3\/2019\/12\/logo-placeholder-biodiversidad-1024x693.jpg 1024w, https:\/\/www.terram.cl\/biodiversidad\/wp-content\/uploads\/sites\/3\/2019\/12\/logo-placeholder-biodiversidad-300x203.jpg 300w, https:\/\/www.terram.cl\/biodiversidad\/wp-content\/uploads\/sites\/3\/2019\/12\/logo-placeholder-biodiversidad-768x520.jpg 768w, https:\/\/www.terram.cl\/biodiversidad\/wp-content\/uploads\/sites\/3\/2019\/12\/logo-placeholder-biodiversidad-1536x1040.jpg 1536w, https:\/\/www.terram.cl\/biodiversidad\/wp-content\/uploads\/sites\/3\/2019\/12\/logo-placeholder-biodiversidad-216x146.jpg 216w, https:\/\/www.terram.cl\/biodiversidad\/wp-content\/uploads\/sites\/3\/2019\/12\/logo-placeholder-biodiversidad-50x34.jpg 50w, https:\/\/www.terram.cl\/biodiversidad\/wp-content\/uploads\/sites\/3\/2019\/12\/logo-placeholder-biodiversidad-177x120.jpg 177w, https:\/\/www.terram.cl\/biodiversidad\/wp-content\/uploads\/sites\/3\/2019\/12\/logo-placeholder-biodiversidad.jpg 1920w\" sizes=\"auto, (max-width: 1024px) 100vw, 1024px\" \/><\/a><\/div><div class=\"content-details\"><p>Consulta ind\u00edgena en todo el territorio nacional, salvo Isla de Pascua.<\/p><\/div><\/div><\/div><!-- timeline content --><\/div>\r\n        <!-- .timeline-post-end --><div data-cls=\"sc-nv-default white-timeline\" class=\"timeline-year scrollable-section default-year\"data-section-title=\"2015\" id=\"year-2015\"><span  class=\"ctl-timeline-date\">2015<\/span><\/div><!-- .timeline-post-start--><div   data-alternate=\"6\" id=\"story-6076\" class=\"timeline-post even light-grey-post icons_no post-6076 story-cat-390  default-meta\"><div   data-aos=\"fade-in\" class=\"timeline-meta\"><div class=\"meta-details\">Mar 20<\/div><\/div><div  data-aos=\"fade-in\" class=\"timeline-icon icon-dot-full default-dot\"><div class=\"timeline-bar\"><\/div><\/div><div  data-aos=\"fade-in\"  class=\"timeline-content  clearfix even  full default-content \"><h2 class=\"content-title\"><a title=\"Marzo &#8211; Mayo 2015\" href=\"https:\/\/www.terram.cl\/biodiversidad\/timeline\/marzo-mayo-2015\/\">Marzo &#8211; Mayo 2015<\/a><\/h2><div class=\"ctl_info event-description full\"><div class=\"full-width\"><a title=\"Marzo &#8211; Mayo 2015\"  href=\"https:\/\/www.terram.cl\/biodiversidad\/timeline\/marzo-mayo-2015\/\" class=\"\"><img loading=\"lazy\" decoding=\"async\" width=\"1024\" height=\"693\" src=\"https:\/\/www.terram.cl\/biodiversidad\/wp-content\/uploads\/sites\/3\/2019\/12\/logo-placeholder-biodiversidad-1024x693.jpg\" class=\"story-img default-featured-img\" alt=\"Marzo &#8211; Mayo 2015\" srcset=\"https:\/\/www.terram.cl\/biodiversidad\/wp-content\/uploads\/sites\/3\/2019\/12\/logo-placeholder-biodiversidad-1024x693.jpg 1024w, https:\/\/www.terram.cl\/biodiversidad\/wp-content\/uploads\/sites\/3\/2019\/12\/logo-placeholder-biodiversidad-300x203.jpg 300w, https:\/\/www.terram.cl\/biodiversidad\/wp-content\/uploads\/sites\/3\/2019\/12\/logo-placeholder-biodiversidad-768x520.jpg 768w, https:\/\/www.terram.cl\/biodiversidad\/wp-content\/uploads\/sites\/3\/2019\/12\/logo-placeholder-biodiversidad-1536x1040.jpg 1536w, https:\/\/www.terram.cl\/biodiversidad\/wp-content\/uploads\/sites\/3\/2019\/12\/logo-placeholder-biodiversidad-216x146.jpg 216w, https:\/\/www.terram.cl\/biodiversidad\/wp-content\/uploads\/sites\/3\/2019\/12\/logo-placeholder-biodiversidad-50x34.jpg 50w, https:\/\/www.terram.cl\/biodiversidad\/wp-content\/uploads\/sites\/3\/2019\/12\/logo-placeholder-biodiversidad-177x120.jpg 177w, https:\/\/www.terram.cl\/biodiversidad\/wp-content\/uploads\/sites\/3\/2019\/12\/logo-placeholder-biodiversidad.jpg 1920w\" sizes=\"auto, (max-width: 1024px) 100vw, 1024px\" \/><\/a><\/div><div class=\"content-details\"><p>Senadores presentaron 1251 indicaciones.<\/p><\/div><\/div><\/div><!-- timeline content --><\/div>\r\n        <!-- .timeline-post-end --><!-- .timeline-post-start--><div   data-alternate=\"7\" id=\"story-6077\" class=\"timeline-post odd light-grey-post icons_no post-6077 story-cat-390  default-meta\"><div   data-aos=\"fade-in\" class=\"timeline-meta\"><div class=\"meta-details\">Ene 20<\/div><\/div><div  data-aos=\"fade-in\" class=\"timeline-icon icon-dot-full default-dot\"><div class=\"timeline-bar\"><\/div><\/div><div  data-aos=\"fade-in\"  class=\"timeline-content  clearfix odd  full default-content \"><h2 class=\"content-title\"><a title=\"Enero: entra al Senado\" href=\"https:\/\/www.terram.cl\/biodiversidad\/timeline\/enero-2015\/\">Enero: entra al Senado<\/a><\/h2><div class=\"ctl_info event-description full\"><div class=\"full-width\"><a title=\"Enero: entra al Senado\"  href=\"https:\/\/www.terram.cl\/biodiversidad\/timeline\/enero-2015\/\" class=\"\"><img loading=\"lazy\" decoding=\"async\" width=\"1024\" height=\"693\" src=\"https:\/\/www.terram.cl\/biodiversidad\/wp-content\/uploads\/sites\/3\/2019\/12\/logo-placeholder-biodiversidad-1024x693.jpg\" class=\"story-img default-featured-img\" alt=\"Enero: entra al Senado\" srcset=\"https:\/\/www.terram.cl\/biodiversidad\/wp-content\/uploads\/sites\/3\/2019\/12\/logo-placeholder-biodiversidad-1024x693.jpg 1024w, https:\/\/www.terram.cl\/biodiversidad\/wp-content\/uploads\/sites\/3\/2019\/12\/logo-placeholder-biodiversidad-300x203.jpg 300w, https:\/\/www.terram.cl\/biodiversidad\/wp-content\/uploads\/sites\/3\/2019\/12\/logo-placeholder-biodiversidad-768x520.jpg 768w, https:\/\/www.terram.cl\/biodiversidad\/wp-content\/uploads\/sites\/3\/2019\/12\/logo-placeholder-biodiversidad-1536x1040.jpg 1536w, https:\/\/www.terram.cl\/biodiversidad\/wp-content\/uploads\/sites\/3\/2019\/12\/logo-placeholder-biodiversidad-216x146.jpg 216w, https:\/\/www.terram.cl\/biodiversidad\/wp-content\/uploads\/sites\/3\/2019\/12\/logo-placeholder-biodiversidad-50x34.jpg 50w, https:\/\/www.terram.cl\/biodiversidad\/wp-content\/uploads\/sites\/3\/2019\/12\/logo-placeholder-biodiversidad-177x120.jpg 177w, https:\/\/www.terram.cl\/biodiversidad\/wp-content\/uploads\/sites\/3\/2019\/12\/logo-placeholder-biodiversidad.jpg 1920w\" sizes=\"auto, (max-width: 1024px) 100vw, 1024px\" \/><\/a><\/div><div class=\"content-details\"><p>Se aprueba la idea de legislar en la Comisi\u00f3n.<\/p><\/div><\/div><\/div><!-- timeline content --><\/div>\r\n        <!-- .timeline-post-end --><div data-cls=\"sc-nv-default white-timeline\" class=\"timeline-year scrollable-section default-year\"data-section-title=\"2014\" id=\"year-2014\"><span  class=\"ctl-timeline-date\">2014<\/span><\/div><!-- .timeline-post-start--><div   data-alternate=\"8\" id=\"story-6078\" class=\"timeline-post even light-grey-post icons_no post-6078 story-cat-390  default-meta\"><div   data-aos=\"fade-in\" class=\"timeline-meta\"><div class=\"meta-details\">Sep 20<\/div><\/div><div  data-aos=\"fade-in\" class=\"timeline-icon icon-dot-full default-dot\"><div class=\"timeline-bar\"><\/div><\/div><div  data-aos=\"fade-in\"  class=\"timeline-content  clearfix even  full default-content \"><h2 class=\"content-title\"><a title=\"Septiembre a diciembre: sesiona Comisi\u00f3n T\u00e9cnica\" href=\"https:\/\/www.terram.cl\/biodiversidad\/timeline\/septiembre-diciembre-2014\/\">Septiembre a diciembre: sesiona Comisi\u00f3n T\u00e9cnica<\/a><\/h2><div class=\"ctl_info event-description full\"><div class=\"full-width\"><a title=\"Septiembre a diciembre: sesiona Comisi\u00f3n T\u00e9cnica\"  href=\"https:\/\/www.terram.cl\/biodiversidad\/timeline\/septiembre-diciembre-2014\/\" class=\"\"><img loading=\"lazy\" decoding=\"async\" width=\"389\" height=\"193\" src=\"https:\/\/www.terram.cl\/biodiversidad\/wp-content\/uploads\/sites\/3\/2017\/10\/sbap-mma.jpg\" class=\"story-img wp-post-image\" alt=\"Septiembre a diciembre: sesiona Comisi\u00f3n T\u00e9cnica\" srcset=\"https:\/\/www.terram.cl\/biodiversidad\/wp-content\/uploads\/sites\/3\/2017\/10\/sbap-mma.jpg 389w, https:\/\/www.terram.cl\/biodiversidad\/wp-content\/uploads\/sites\/3\/2017\/10\/sbap-mma-300x149.jpg 300w, https:\/\/www.terram.cl\/biodiversidad\/wp-content\/uploads\/sites\/3\/2017\/10\/sbap-mma-260x129.jpg 260w, https:\/\/www.terram.cl\/biodiversidad\/wp-content\/uploads\/sites\/3\/2017\/10\/sbap-mma-50x25.jpg 50w, https:\/\/www.terram.cl\/biodiversidad\/wp-content\/uploads\/sites\/3\/2017\/10\/sbap-mma-242x120.jpg 242w\" sizes=\"auto, (max-width: 389px) 100vw, 389px\" \/><\/a><\/div><div class=\"content-details\"><p>Ministerio del Medio Ambiente crea la comisi\u00f3n t\u00e9cnica del proyecto de ley, la cual elabora un Protocolo de Acuerdo. La comisi\u00f3n sesion\u00f3 17 veces entre el..<a class=\"read_more ctl_read_more\" href=\"https:\/\/www.terram.cl\/biodiversidad\/timeline\/septiembre-diciembre-2014\/\">Lee mas<\/a><\/p><\/div><\/div><\/div><!-- timeline content --><\/div>\r\n        <!-- .timeline-post-end --><!-- .timeline-post-start--><div   data-alternate=\"9\" id=\"story-6079\" class=\"timeline-post odd light-grey-post icons_no post-6079 story-cat-390  default-meta\"><div   data-aos=\"fade-in\" class=\"timeline-meta\"><div class=\"meta-details\">Jun 20<\/div><\/div><div  data-aos=\"fade-in\" class=\"timeline-icon icon-dot-full default-dot\"><div class=\"timeline-bar\"><\/div><\/div><div  data-aos=\"fade-in\"  class=\"timeline-content  clearfix odd  full default-content \"><h2 class=\"content-title\"><a title=\"Junio: Reformulaci\u00f3n proyecto de Ley SBAP\" href=\"https:\/\/www.terram.cl\/biodiversidad\/timeline\/junio-2014\/\">Junio: Reformulaci\u00f3n proyecto de Ley SBAP<\/a><\/h2><div class=\"ctl_info event-description full\"><div class=\"full-width\"><a title=\"Junio: Reformulaci\u00f3n proyecto de Ley SBAP\"  href=\"https:\/\/www.terram.cl\/biodiversidad\/timeline\/junio-2014\/\" class=\"\"><img loading=\"lazy\" decoding=\"async\" width=\"397\" height=\"240\" src=\"https:\/\/www.terram.cl\/biodiversidad\/wp-content\/uploads\/sites\/3\/2017\/10\/junio-14.jpg\" class=\"story-img wp-post-image\" alt=\"Junio: Reformulaci\u00f3n proyecto de Ley SBAP\" srcset=\"https:\/\/www.terram.cl\/biodiversidad\/wp-content\/uploads\/sites\/3\/2017\/10\/junio-14.jpg 397w, https:\/\/www.terram.cl\/biodiversidad\/wp-content\/uploads\/sites\/3\/2017\/10\/junio-14-300x181.jpg 300w, https:\/\/www.terram.cl\/biodiversidad\/wp-content\/uploads\/sites\/3\/2017\/10\/junio-14-242x146.jpg 242w, https:\/\/www.terram.cl\/biodiversidad\/wp-content\/uploads\/sites\/3\/2017\/10\/junio-14-50x30.jpg 50w, https:\/\/www.terram.cl\/biodiversidad\/wp-content\/uploads\/sites\/3\/2017\/10\/junio-14-199x120.jpg 199w\" sizes=\"auto, (max-width: 397px) 100vw, 397px\" \/><\/a><\/div><div class=\"content-details\"><p>18 de junio: El Gobierno de Michelle Bachelet retira del Congreso el proyecto previamente ingresado y env\u00eda al Senado uno nuevo (Bolet\u00edn N\u00b0 9404-12), quedando radicado..<a class=\"read_more ctl_read_more\" href=\"https:\/\/www.terram.cl\/biodiversidad\/timeline\/junio-2014\/\">Lee mas<\/a><\/p><\/div><\/div><\/div><!-- timeline content --><\/div>\r\n        <!-- .timeline-post-end --><div  class=\"end-timeline clearfix\"><\/div><\/div><nav class='custom-pagination'><span class='page-numbers page-num'> P\u00e1gina1de2<\/span> <span aria-current=\"page\" class=\"page-numbers current\">1<\/span>\n<a class=\"page-numbers\" href=\"https:\/\/www.terram.cl\/biodiversidad\/wp-json\/wp\/v2\/pages\/5939\/page\/2\/\">2<\/a>\n<a class=\"next page-numbers\" href=\"https:\/\/www.terram.cl\/biodiversidad\/wp-json\/wp\/v2\/pages\/5939\/page\/2\/\">&raquo;<\/a><\/nav><\/div><\/div>  <!-- end\r\n================================================== --><style type=\"text\/css\"><\/style>\n","protected":false},"excerpt":{"rendered":"","protected":false},"author":14,"featured_media":125319,"parent":0,"menu_order":0,"comment_status":"closed","ping_status":"closed","template":"","meta":{"footnotes":"","_links_to":"","_links_to_target":""},"class_list":["post-5939","page","type-page","status-publish","has-post-thumbnail","hentry"],"_links":{"self":[{"href":"https:\/\/www.terram.cl\/biodiversidad\/wp-json\/wp\/v2\/pages\/5939","targetHints":{"allow":["GET"]}}],"collection":[{"href":"https:\/\/www.terram.cl\/biodiversidad\/wp-json\/wp\/v2\/pages"}],"about":[{"href":"https:\/\/www.terram.cl\/biodiversidad\/wp-json\/wp\/v2\/types\/page"}],"author":[{"embeddable":true,"href":"https:\/\/www.terram.cl\/biodiversidad\/wp-json\/wp\/v2\/users\/14"}],"replies":[{"embeddable":true,"href":"https:\/\/www.terram.cl\/biodiversidad\/wp-json\/wp\/v2\/comments?post=5939"}],"version-history":[{"count":0,"href":"https:\/\/www.terram.cl\/biodiversidad\/wp-json\/wp\/v2\/pages\/5939\/revisions"}],"wp:featuredmedia":[{"embeddable":true,"href":"https:\/\/www.terram.cl\/biodiversidad\/wp-json\/wp\/v2\/media\/125319"}],"wp:attachment":[{"href":"https:\/\/www.terram.cl\/biodiversidad\/wp-json\/wp\/v2\/media?parent=5939"}],"curies":[{"name":"wp","href":"https:\/\/api.w.org\/{rel}","templated":true}]}}