{"id":1326,"date":"2017-07-14T19:44:15","date_gmt":"2017-07-14T23:44:15","guid":{"rendered":"http:\/\/localhost\/terram\/nomascarbon\/\/?page_id=1326"},"modified":"2019-11-12T22:22:01","modified_gmt":"2019-11-12T21:22:01","slug":"termoelectricidad","status":"publish","type":"page","link":"https:\/\/www.terram.cl\/carbon\/termoelectricidad\/","title":{"rendered":"\u00bfQu\u00e9 es la termoelectricidad?"},"content":{"rendered":"<p>La termoelectricidad es toda aquella forma de generaci\u00f3n de electricidad mediante la utilizaci\u00f3n de calor, el cual es utilizado para generar vapor de agua, cuya presi\u00f3n alimenta el movimiento de una turbina que, conectada a un generador, transforma esta energ\u00eda mec\u00e1nica en electricidad.<\/p>\n<p>De esta manera, dependiendo de la manera en que se genere el calor necesario para activar este proceso, es posible diferenciar dos tipos de termoelectricidad: la termoelectricidad convencional, cuya caracter\u00edstica principal es que se estructura sobre la utilizaci\u00f3n combustibles f\u00f3siles, como el carb\u00f3n, gas y petr\u00f3leo; mientras que el otro tipo de termoelectricidad corresponde a la termo-nuclear -com\u00fanmente conocida como \u201cenerg\u00eda nuclear\u201d- la que corresponde a la generaci\u00f3n de electricidad mediante el aprovechamiento del calor desprendido por distintas reacciones nucleares.<\/p>\n","protected":false},"excerpt":{"rendered":"<p>La termoelectricidad es toda aquella forma de generaci\u00f3n de electricidad mediante la utilizaci\u00f3n de calor, el cual es utilizado para generar vapor de agua, cuya presi\u00f3n&#8230;<\/p>\n","protected":false},"author":14,"featured_media":125008,"parent":0,"menu_order":3,"comment_status":"closed","ping_status":"closed","template":"","meta":{"footnotes":"","_links_to":"","_links_to_target":""},"class_list":["post-1326","page","type-page","status-publish","has-post-thumbnail","hentry"],"_links":{"self":[{"href":"https:\/\/www.terram.cl\/carbon\/wp-json\/wp\/v2\/pages\/1326","targetHints":{"allow":["GET"]}}],"collection":[{"href":"https:\/\/www.terram.cl\/carbon\/wp-json\/wp\/v2\/pages"}],"about":[{"href":"https:\/\/www.terram.cl\/carbon\/wp-json\/wp\/v2\/types\/page"}],"author":[{"embeddable":true,"href":"https:\/\/www.terram.cl\/carbon\/wp-json\/wp\/v2\/users\/14"}],"replies":[{"embeddable":true,"href":"https:\/\/www.terram.cl\/carbon\/wp-json\/wp\/v2\/comments?post=1326"}],"version-history":[{"count":0,"href":"https:\/\/www.terram.cl\/carbon\/wp-json\/wp\/v2\/pages\/1326\/revisions"}],"wp:featuredmedia":[{"embeddable":true,"href":"https:\/\/www.terram.cl\/carbon\/wp-json\/wp\/v2\/media\/125008"}],"wp:attachment":[{"href":"https:\/\/www.terram.cl\/carbon\/wp-json\/wp\/v2\/media?parent=1326"}],"curies":[{"name":"wp","href":"https:\/\/api.w.org\/{rel}","templated":true}]}}