{"id":1328,"date":"2017-07-14T19:45:26","date_gmt":"2017-07-14T17:45:26","guid":{"rendered":"http:\/\/localhost\/terram\/nomascarbon\/\/?page_id=1328"},"modified":"2019-11-12T21:21:27","modified_gmt":"2019-11-12T20:21:27","slug":"el-carbon","status":"publish","type":"page","link":"https:\/\/www.terram.cl\/carbon\/el-carbon\/","title":{"rendered":"\u00bfQu\u00e9 es el carb\u00f3n?"},"content":{"rendered":"<p>El carb\u00f3n es un mineral combustible s\u00f3lido, de color negro o marr\u00f3n oscuro que contiene esencialmente carbono, as\u00ed como peque\u00f1as cantidades de hidr\u00f3geno y ox\u00edgeno, nitr\u00f3geno, azufre y otros elementos. Resulta de la degradaci\u00f3n de los restos de organismos vegetales durante largos periodos, por la acci\u00f3n del calor, presi\u00f3n y otros fen\u00f3menos f\u00edsicos qu\u00edmicos naturales. Debido a que se dan distintos grados de cambio en el proceso, el carb\u00f3n mineral no es un mineral uniforme y se clasifican por rangos de acuerdo con su grado de degradaci\u00f3n, en series que van desde lignitos a antracitas, pasando por los subbituminosos y los bituminosos, los cuales presentan diferencias considerables en su contenido de vol\u00e1tiles, carbono fijo y poder calor\u00edfico. En t\u00e9rminos de uso final, el carb\u00f3n mineral se puede dividir en dos clases:<\/p>\n<ol>\n<li>Carb\u00f3n coquizable o metal\u00fargico y,<\/li>\n<li>Carb\u00f3n t\u00e9rmico de vapor.<\/li>\n<\/ol>\n<p><strong><em>El carb\u00f3n, es el combustible s\u00f3lido m\u00e1s importante en la generaci\u00f3n de energ\u00eda el\u00e9ctrica.<\/em><\/strong> La <strong>calidad<\/strong> del carb\u00f3n depende del contenido de materia vol\u00e1til, carbono fijo, humedad inherente y ox\u00edgeno. T\u00edpicamente, la calidad del carb\u00f3n es mayor con el aumento del contenido de carbono fijo, y con la disminuci\u00f3n de la humedad y del contenido de materia vol\u00e1til. Los carbones bituminosos son el tipo de carb\u00f3n m\u00e1s utilizado. Se caracterizan por tener un menor contenido de humedad y de materia vol\u00e1til, y un menor contenido de azufre que los carbones sub-bituminosos. El carb\u00f3n sub-bituminoso puede ser usado como alternativa de combustible en algunas calderas originalmente dise\u00f1adas para utilizar carb\u00f3n bituminoso. Generalmente, los carbones bituminosos tienen poderes calor\u00edficos que var\u00edan entre 5.800 y 7.800 kcal\/kg. Los poderes calor\u00edficos de los carbones sub-bituminosos, en cambio, var\u00edan entre 4.600 y 6.400 kcal\/kg.<\/p>\n<p>Los carbones usados para generaci\u00f3n de energ\u00eda el\u00e9ctrica son muy heterog\u00e9neos y var\u00edan en contenido, dependiendo de la localizaci\u00f3n de la mina. El carb\u00f3n tambi\u00e9n contiene impurezas como minerales y azufre. Estas impurezas son una preocupaci\u00f3n importante, porque contribuyen a la contaminaci\u00f3n producida durante la combusti\u00f3n del carb\u00f3n. De todos los combustibles f\u00f3siles usados para la generaci\u00f3n de electricidad, el carb\u00f3n requiere las instalaciones m\u00e1s extensas de procesamiento, manejo, almacenamiento, y de carga y descarga. La ignici\u00f3n del carb\u00f3n requiere el uso de chancadores, pulverizadores, equipamiento de manejo de ceniza, control de polvo y control de emisiones, y de sopladores de holl\u00edn.<\/p>\n<p>Algunas centrales t\u00e9rmicas a carb\u00f3n usan adem\u00e1s como combustible el <strong><em>coque de petr\u00f3leo o petcoke,<\/em><\/strong> un subproducto de la industria de la refinaci\u00f3n del petr\u00f3leo, caracterizado por un poder calor\u00edfico alto (7.700 kcal\/kg) y un bajo costo. Generalmente, tiene un contenido menor de ceniza, de humedad y de vol\u00e1tiles y, normalmente, niveles mayores de azufre y nitr\u00f3geno que el carb\u00f3n. Debido a estas caracter\u00edsticas, la combusti\u00f3n de petcoke puede generar mayores emisiones de SO2 y NOX.<\/p>\n<p><img loading=\"lazy\" decoding=\"async\" class=\"alignleft wp-image-1489 \" src=\"http:\/\/localhost\/terram\/nomascarbon\/\/wp-content\/uploads\/2017\/07\/carb\u00f3n-1024x627.jpg\" alt=\"\" width=\"907\" height=\"555\" srcset=\"https:\/\/www.terram.cl\/carbon\/wp-content\/uploads\/sites\/2\/2017\/07\/carb\u00f3n-1024x627.jpg 1024w, https:\/\/www.terram.cl\/carbon\/wp-content\/uploads\/sites\/2\/2017\/07\/carb\u00f3n-300x184.jpg 300w, https:\/\/www.terram.cl\/carbon\/wp-content\/uploads\/sites\/2\/2017\/07\/carb\u00f3n-768x470.jpg 768w, https:\/\/www.terram.cl\/carbon\/wp-content\/uploads\/sites\/2\/2017\/07\/carb\u00f3n-238x146.jpg 238w, https:\/\/www.terram.cl\/carbon\/wp-content\/uploads\/sites\/2\/2017\/07\/carb\u00f3n-50x31.jpg 50w, https:\/\/www.terram.cl\/carbon\/wp-content\/uploads\/sites\/2\/2017\/07\/carb\u00f3n-196x120.jpg 196w, https:\/\/www.terram.cl\/carbon\/wp-content\/uploads\/sites\/2\/2017\/07\/carb\u00f3n.jpg 1311w\" sizes=\"auto, (max-width: 907px) 100vw, 907px\" \/><\/p>\n","protected":false},"excerpt":{"rendered":"<p>El carb\u00f3n es un mineral combustible s\u00f3lido, de color negro o marr\u00f3n oscuro que contiene esencialmente carbono, as\u00ed como peque\u00f1as cantidades de hidr\u00f3geno y ox\u00edgeno, nitr\u00f3geno,&#8230;<\/p>\n","protected":false},"author":14,"featured_media":125008,"parent":0,"menu_order":2,"comment_status":"closed","ping_status":"closed","template":"","meta":{"footnotes":"","_links_to":"","_links_to_target":""},"class_list":["post-1328","page","type-page","status-publish","has-post-thumbnail","hentry"],"_links":{"self":[{"href":"https:\/\/www.terram.cl\/carbon\/wp-json\/wp\/v2\/pages\/1328","targetHints":{"allow":["GET"]}}],"collection":[{"href":"https:\/\/www.terram.cl\/carbon\/wp-json\/wp\/v2\/pages"}],"about":[{"href":"https:\/\/www.terram.cl\/carbon\/wp-json\/wp\/v2\/types\/page"}],"author":[{"embeddable":true,"href":"https:\/\/www.terram.cl\/carbon\/wp-json\/wp\/v2\/users\/14"}],"replies":[{"embeddable":true,"href":"https:\/\/www.terram.cl\/carbon\/wp-json\/wp\/v2\/comments?post=1328"}],"version-history":[{"count":0,"href":"https:\/\/www.terram.cl\/carbon\/wp-json\/wp\/v2\/pages\/1328\/revisions"}],"wp:featuredmedia":[{"embeddable":true,"href":"https:\/\/www.terram.cl\/carbon\/wp-json\/wp\/v2\/media\/125008"}],"wp:attachment":[{"href":"https:\/\/www.terram.cl\/carbon\/wp-json\/wp\/v2\/media?parent=1328"}],"curies":[{"name":"wp","href":"https:\/\/api.w.org\/{rel}","templated":true}]}}