{"id":1349,"date":"2017-07-25T02:00:51","date_gmt":"2017-07-25T06:00:51","guid":{"rendered":"http:\/\/localhost\/terram\/nomascarbon\/\/?page_id=1349"},"modified":"2019-11-12T22:24:55","modified_gmt":"2019-11-12T21:24:55","slug":"clasificacion","status":"publish","type":"page","link":"https:\/\/www.terram.cl\/carbon\/termoelectricidad\/clasificacion\/","title":{"rendered":"Clasificaci\u00f3n de las termoel\u00e9ctricas"},"content":{"rendered":"<p>En la actualidad existen diversas formas de generar termoelectricidad, las que se diferencian de acuerdo al tipo de combustible utilizado para generar calor y a la tecnolog\u00eda de combusti\u00f3n empleada. Los principales combustibles utilizados son <em>carb\u00f3n, petr\u00f3leo, gas (sea este natural o licuado de petr\u00f3leo), petcoke* y biomasa<\/em>. Cada uno de estos combustibles puede tener distintas calidades de combusti\u00f3n y por tanto ser m\u00e1s o menos eficiente en la generaci\u00f3n.<\/p>\n<p>En cuanto a las tecnolog\u00edas existentes para el proceso de combusti\u00f3n, se pueden agrupar en tres grandes tipos: 1) Tecnolog\u00eda cl\u00e1sica; 2) Tecnolog\u00eda de ciclo combinado y; 3) Tecnolog\u00eda dual.<\/p>\n<p><strong>1) Centrales cl\u00e1sicas o convencionales: <\/strong>son aquellas cuyo proceso de generaci\u00f3n el\u00e9ctrica se deriva de la utilizaci\u00f3n de vapor como propulsor del movimiento de turbinas.<\/p>\n<p><strong>2) Centrales de ciclo combinado:<\/strong> la principal caracter\u00edstica de este sistema es que su tecnolog\u00eda permite mover dos tipos de turbina, una accionada mediante el calor resultante de la combusti\u00f3n directa del gas; y otra, a trav\u00e9s de la reutilizaci\u00f3n del calor desprendido de la combusti\u00f3n del gas, que es utilizado para producir vapor de agua y as\u00ed activar un proceso cl\u00e1sico de generaci\u00f3n termoel\u00e9ctrica. Lo particular de esta tecnolog\u00eda es que permite una utilizaci\u00f3n m\u00e1s eficiente del combustible, es decir, genera la misma electricidad que una central cl\u00e1sica con una menor cantidad de combustible, provocando menos impactos ambientales y mayores grados de eficiencia.<\/p>\n<p><strong>3) Centrales duales: <\/strong>poseen la particularidad de estar adaptadas para operar mediante la utilizaci\u00f3n de dos combustibles diferentes, generalmente gas y petr\u00f3leo, mientras que los procesos de combusti\u00f3n pue\u00adden variar entre cl\u00e1sica o de ciclo combinado, dependiendo del combustible utilizado.<\/p>\n<p>Adem\u00e1s, existe una pr\u00e1ctica de combusti\u00f3n llamada <strong>\u201cCo-Firing\u201d o \u201cCo-Combusti\u00f3n\u201d<\/strong> que corresponde, al igual que en la tecnolog\u00eda dual, a la utilizaci\u00f3n de dos tipos de combustibles, con la diferencia que \u00e9sta realiza una combusti\u00f3n conjunta de ambos. Su implementaci\u00f3n en Chile ha sido de importancia para el sector privado, principalmente para el forestal, debido al potencial energ\u00e9tico que significan los desechos desprendidos de cada uno de sus procesos de producci\u00f3n.<\/p>\n<p>* El <em>petcoke<\/em> es lo que queda despu\u00e9s de refinar el petr\u00f3leo, una forma s\u00f3lida de carb\u00f3n. Es poroso, de color negro o gris oscuro, contiene altas cantidades de azufre y metales pesados como n\u00edquel y vanadio. En Chile se utiliza como combustible, mientras que en pa\u00edses \u201cdesarrollados\u201d est\u00e1 proscrito. La biomasa corresponde a toda materia org\u00e1nica no f\u00f3sil de origen biol\u00f3gico que constituya una fuente de energ\u00eda explotable.<\/p>\n<p><img loading=\"lazy\" decoding=\"async\" class=\"alignleft wp-image-1402 size-full\" src=\"https:\/\/www.terram.cl\/carbon\/wp-content\/uploads\/sites\/2\/2017\/07\/central-teroel\u00e9ctrica-clasica.jpg\" alt=\"\" width=\"957\" height=\"514\" srcset=\"https:\/\/www.terram.cl\/carbon\/wp-content\/uploads\/sites\/2\/2017\/07\/central-teroel\u00e9ctrica-clasica.jpg 957w, https:\/\/www.terram.cl\/carbon\/wp-content\/uploads\/sites\/2\/2017\/07\/central-teroel\u00e9ctrica-clasica-300x161.jpg 300w, https:\/\/www.terram.cl\/carbon\/wp-content\/uploads\/sites\/2\/2017\/07\/central-teroel\u00e9ctrica-clasica-768x412.jpg 768w, https:\/\/www.terram.cl\/carbon\/wp-content\/uploads\/sites\/2\/2017\/07\/central-teroel\u00e9ctrica-clasica-260x140.jpg 260w, https:\/\/www.terram.cl\/carbon\/wp-content\/uploads\/sites\/2\/2017\/07\/central-teroel\u00e9ctrica-clasica-50x27.jpg 50w, https:\/\/www.terram.cl\/carbon\/wp-content\/uploads\/sites\/2\/2017\/07\/central-teroel\u00e9ctrica-clasica-223x120.jpg 223w\" sizes=\"auto, (max-width: 957px) 100vw, 957px\" \/><\/p>\n<p><strong>Fuente:<\/strong> Elaboraci\u00f3n propia. Cartilla Ciudadana Sobre Termoel\u00e9ctricas, 2011<\/p>\n","protected":false},"excerpt":{"rendered":"<p>En la actualidad existen diversas formas de generar termoelectricidad, las que se diferencian de acuerdo al tipo de combustible utilizado para generar calor y a la&#8230;<\/p>\n","protected":false},"author":14,"featured_media":125008,"parent":1326,"menu_order":1,"comment_status":"closed","ping_status":"closed","template":"","meta":{"footnotes":"","_links_to":"","_links_to_target":""},"class_list":["post-1349","page","type-page","status-publish","has-post-thumbnail","hentry"],"_links":{"self":[{"href":"https:\/\/www.terram.cl\/carbon\/wp-json\/wp\/v2\/pages\/1349","targetHints":{"allow":["GET"]}}],"collection":[{"href":"https:\/\/www.terram.cl\/carbon\/wp-json\/wp\/v2\/pages"}],"about":[{"href":"https:\/\/www.terram.cl\/carbon\/wp-json\/wp\/v2\/types\/page"}],"author":[{"embeddable":true,"href":"https:\/\/www.terram.cl\/carbon\/wp-json\/wp\/v2\/users\/14"}],"replies":[{"embeddable":true,"href":"https:\/\/www.terram.cl\/carbon\/wp-json\/wp\/v2\/comments?post=1349"}],"version-history":[{"count":0,"href":"https:\/\/www.terram.cl\/carbon\/wp-json\/wp\/v2\/pages\/1349\/revisions"}],"up":[{"embeddable":true,"href":"https:\/\/www.terram.cl\/carbon\/wp-json\/wp\/v2\/pages\/1326"}],"wp:featuredmedia":[{"embeddable":true,"href":"https:\/\/www.terram.cl\/carbon\/wp-json\/wp\/v2\/media\/125008"}],"wp:attachment":[{"href":"https:\/\/www.terram.cl\/carbon\/wp-json\/wp\/v2\/media?parent=1349"}],"curies":[{"name":"wp","href":"https:\/\/api.w.org\/{rel}","templated":true}]}}