{"id":1355,"date":"2017-07-25T02:04:22","date_gmt":"2017-07-25T06:04:22","guid":{"rendered":"http:\/\/localhost\/terram\/nomascarbon\/\/?page_id=1355"},"modified":"2019-11-12T22:25:25","modified_gmt":"2019-11-12T21:25:25","slug":"matriz-energetica","status":"publish","type":"page","link":"https:\/\/www.terram.cl\/carbon\/termoelectricidad\/matriz-energetica\/","title":{"rendered":"\u00bfCu\u00e1l es la situaci\u00f3n del sector termoel\u00e9ctrico en Chile?"},"content":{"rendered":"<p>Hacia el a\u00f1o 2010 el sector el\u00e9ctrico nacional contaba con una capacidad instalada de 15.460 MW de potencia, mientras que la generaci\u00f3n de electricidad alcanz\u00f3 los 57.320 GWh. La informaci\u00f3n disponible indica que a julio de <strong>2010<\/strong> el sector <strong>termoel\u00e9ctrico<\/strong> lider\u00f3 el segmento, pues represent\u00f3 poco m\u00e1s del <strong>63%<\/strong> de la <em>capacidad instalada<\/em> total de los cuatro sistemas el\u00e9ctricos, con cerca de 9.790 MW de potencia, mientras que, en t\u00e9rminos de <em>generaci\u00f3n el\u00e9ctrica<\/em>, tuvo una participaci\u00f3n del <strong>55%<\/strong> de la oferta el\u00e9ctrica del pa\u00eds, con un total aproximado de 31.472 GWh.<\/p>\n<p>Al a\u00f1o 2016, la capacidad instalada total de generaci\u00f3n el\u00e9ctrica asciende a 22.045 MW. De estos, 16.725 MW (76,4%) corresponden al Sistema Interconectado Central (SIC) y 5.032 MW (22,8%) al Sistema Interconectado del Norte Grande (SING). El restante 0,8% se reparte entre los Sistemas El\u00e9ctricos Medianos (SSMM). El total de <em>capacidad instalada<\/em> al <strong>2016<\/strong> se categoriza en un <strong>58% de termoelectricidad<\/strong>, 28% de hidroelectricidad convencional y 14% de ERNC (Gr\u00e1fico 1).<\/p>\n<p>Gr\u00e1fico 1. Capacidad Instalada total de generaci\u00f3n el\u00e9ctrica en Chile por tipo de fuente. Cifras en % de un total de 22.045 MW al a\u00f1o 2016.<\/p>\n<p><img loading=\"lazy\" decoding=\"async\" class=\"alignleft wp-image-1409 size-full\" src=\"https:\/\/www.terram.cl\/carbon\/wp-content\/uploads\/sites\/2\/2017\/07\/grafico-1-termo.jpg\" alt=\"\" width=\"569\" height=\"332\" srcset=\"https:\/\/www.terram.cl\/carbon\/wp-content\/uploads\/sites\/2\/2017\/07\/grafico-1-termo.jpg 569w, https:\/\/www.terram.cl\/carbon\/wp-content\/uploads\/sites\/2\/2017\/07\/grafico-1-termo-300x175.jpg 300w, https:\/\/www.terram.cl\/carbon\/wp-content\/uploads\/sites\/2\/2017\/07\/grafico-1-termo-250x146.jpg 250w, https:\/\/www.terram.cl\/carbon\/wp-content\/uploads\/sites\/2\/2017\/07\/grafico-1-termo-50x29.jpg 50w, https:\/\/www.terram.cl\/carbon\/wp-content\/uploads\/sites\/2\/2017\/07\/grafico-1-termo-206x120.jpg 206w\" sizes=\"auto, (max-width: 569px) 100vw, 569px\" \/><\/p>\n<p>&nbsp;<\/p>\n<p>&nbsp;<\/p>\n<p>&nbsp;<\/p>\n<p>&nbsp;<\/p>\n<p>&nbsp;<\/p>\n<p>&nbsp;<\/p>\n<p>&nbsp;<\/p>\n<p>&nbsp;<\/p>\n<p>&nbsp;<\/p>\n<p>&nbsp;<\/p>\n<p><em>Fuente: Elaboraci\u00f3n propia a partir de datos de la CNE, 2016<\/em><\/p>\n<p>Los sistemas en conjunto (incluyendo los SSMM, Los Lagos e Isla de Pascua), durante el a\u00f1o <strong>2016<\/strong>, alcanzaron un total de 73.877 GWh, referidos a la <em>generaci\u00f3n el\u00e9ctrica bruta<\/em>. Si observamos la composici\u00f3n por categor\u00eda, distinguimos <strong>63,4% termoel\u00e9ctrica<\/strong>, 24,0% Hidr\u00e1ulica Convencional y 12,6% ERNC (Gr\u00e1fico 2).<\/p>\n<p>Gr\u00e1fico 2. Generaci\u00f3n el\u00e9ctrica en Chile por tipo de fuente. Cifras en % de un total de 73.887 GWh, al a\u00f1o 2016.<\/p>\n<p><img loading=\"lazy\" decoding=\"async\" class=\"wp-image-1417 size-full alignleft\" src=\"https:\/\/www.terram.cl\/carbon\/wp-content\/uploads\/sites\/2\/2017\/07\/grafico-2-termo.jpg\" alt=\"\" width=\"649\" height=\"354\" srcset=\"https:\/\/www.terram.cl\/carbon\/wp-content\/uploads\/sites\/2\/2017\/07\/grafico-2-termo.jpg 649w, https:\/\/www.terram.cl\/carbon\/wp-content\/uploads\/sites\/2\/2017\/07\/grafico-2-termo-300x164.jpg 300w, https:\/\/www.terram.cl\/carbon\/wp-content\/uploads\/sites\/2\/2017\/07\/grafico-2-termo-260x142.jpg 260w, https:\/\/www.terram.cl\/carbon\/wp-content\/uploads\/sites\/2\/2017\/07\/grafico-2-termo-50x27.jpg 50w, https:\/\/www.terram.cl\/carbon\/wp-content\/uploads\/sites\/2\/2017\/07\/grafico-2-termo-220x120.jpg 220w\" sizes=\"auto, (max-width: 649px) 100vw, 649px\" \/><\/p>\n<p>&nbsp;<\/p>\n<p>&nbsp;<\/p>\n<p>&nbsp;<\/p>\n<p>&nbsp;<\/p>\n<p>&nbsp;<\/p>\n<p>&nbsp;<\/p>\n<p>&nbsp;<\/p>\n<p>&nbsp;<\/p>\n<p>&nbsp;<\/p>\n<p>&nbsp;<\/p>\n<p><em>Fuente: Elaboraci\u00f3n propia a partir de datos de la CNE, 2016<\/em><\/p>\n<p>Para comprender la relevancia del sector termoel\u00e9ctrico nacional, es importante conocer c\u00f3mo se estructura la generaci\u00f3n el\u00e9ctrica en el pa\u00eds. En Chile \u00e9sta se administra a trav\u00e9s de cuatro sistemas independientes y distribuidos a lo largo del pa\u00eds: <em>el Sistema Interconectado del Norte Grande (SING), el Sistema Interconectado Central (SIC)<\/em>, el Sistema El\u00e9ctrico de Ays\u00e9n y el Sistema El\u00e9ctrico de Magallanes. Adem\u00e1s, existe un subsector de generaci\u00f3n el\u00e9ctrica denominado \u201cautoproductores\u201d, que re\u00fane al conjunto de generadores independientes que producen energ\u00eda el\u00e9ctrica para su propio consumo.<\/p>\n<p>Cada uno de los sistemas el\u00e9ctricos posee una estructura distinta, acorde a las condiciones geogr\u00e1ficas y clim\u00e1ticas de sus zonas de referencia. Ante esto, es necesario conocer algunas de las caracter\u00edsticas m\u00e1s importantes de cada uno de ellos, en t\u00e9rminos de su tama\u00f1o y la composici\u00f3n de su matriz energ\u00e9tica.<\/p>\n<h3><em>Sistema Interconectado del Norte Grande (SING)<\/em><\/h3>\n<p>El Sistema Interconectado del Norte Grande posee una extensi\u00f3n de 800 kil\u00f3metros y comprende las regiones de Arica y Parinacota (XV), Tarapac\u00e1 (I), y Antofagasta (II).<\/p>\n<p>Hacia el a\u00f1o <strong>2010<\/strong>, el SING ten\u00eda una capacidad instalada de 3.573 MW, de los cuales el <strong>99,7% correspond\u00eda a termoelectricidad<\/strong> (58,1% Gas, 31,9% Carb\u00f3n y 9,8 Diesel).<\/p>\n<p><strong>La Capacidad Instalada del SING<\/strong>, en el periodo 2010-2016 se ha incrementado a una tasa de 5,8% anual. Actualmente representa el 22,8% de la capacidad instalada en el pa\u00eds con 5.246 MW, de los cuales el <strong>90,4%<\/strong> corresponde a <strong>termoelectricidad <\/strong>(4744,1 MW) (Gr\u00e1fico 3).<\/p>\n<p>La potencia instalada proveniente de la <strong>Termoelectricidad<\/strong> se ha incrementado a una tasa de 5% anual, no obstante, ha disminuido su importancia relativa en la potencia instalada del SING en un 9,3% entre el a\u00f1o 2010 y 2016, situaci\u00f3n que se explica debido al aumento del potencial energ\u00e9tico solar, que ha ido aumentando su participaci\u00f3n en el SING principalmente desde 2015, representando actualmente un 7,6% de la capacidad de generaci\u00f3n el\u00e9ctrica (Gr\u00e1fico 3).<\/p>\n<p>Respecto al <strong>Carb\u00f3n<\/strong>, en el periodo 2010-2016 pas\u00f3 de 1125 MW a 2419 MW, lo que indica una tasa de crecimiento del 13,5% anual en la capacidad instalada del SING. En t\u00e9rminos relativos, es decir, de acuerdo con el porcentaje que representa el carb\u00f3n en relaci\u00f3n con el total anual, la potencia instalada en base a este combustible ha aumentado 16,21% en el mismo periodo antes mencionado (Gr\u00e1fico 3). De este modo, actualmente es el principal combustible en la composici\u00f3n de la oferta el\u00e9ctrica del SING.<\/p>\n<p>Gr\u00e1fico 3<strong>.<\/strong> SING: Evoluci\u00f3n de la Composici\u00f3n de la Capacidad Instalada por Tipo de Combustible, 2010-2017 (unidades en %).<\/p>\n<p><img loading=\"lazy\" decoding=\"async\" class=\"alignleft wp-image-1505 size-full\" src=\"https:\/\/www.terram.cl\/carbon\/wp-content\/uploads\/sites\/2\/2017\/07\/grafico-7-termo.jpg\" alt=\"\" width=\"1123\" height=\"672\" srcset=\"https:\/\/www.terram.cl\/carbon\/wp-content\/uploads\/sites\/2\/2017\/07\/grafico-7-termo.jpg 1123w, https:\/\/www.terram.cl\/carbon\/wp-content\/uploads\/sites\/2\/2017\/07\/grafico-7-termo-300x180.jpg 300w, https:\/\/www.terram.cl\/carbon\/wp-content\/uploads\/sites\/2\/2017\/07\/grafico-7-termo-768x460.jpg 768w, https:\/\/www.terram.cl\/carbon\/wp-content\/uploads\/sites\/2\/2017\/07\/grafico-7-termo-1024x613.jpg 1024w, https:\/\/www.terram.cl\/carbon\/wp-content\/uploads\/sites\/2\/2017\/07\/grafico-7-termo-244x146.jpg 244w, https:\/\/www.terram.cl\/carbon\/wp-content\/uploads\/sites\/2\/2017\/07\/grafico-7-termo-50x30.jpg 50w, https:\/\/www.terram.cl\/carbon\/wp-content\/uploads\/sites\/2\/2017\/07\/grafico-7-termo-201x120.jpg 201w\" sizes=\"auto, (max-width: 1123px) 100vw, 1123px\" \/><\/p>\n<p>&nbsp;<\/p>\n<p><em>Fuente: Elaboraci\u00f3n Propia a partir de datos de CNE, 2016 y 2017; CDEC-SING,2010 y 2015; y Fundaci\u00f3n Terram, 2011.\u00a0 <\/em><\/p>\n<p>Respecto a la <strong>Generaci\u00f3n Bruta de Electricidad (GBE) del SING<\/strong>, en el periodo 2010-2016 aument\u00f3 a una tasa de 4,3% anual. En el a\u00f1o 2010 fue de 15.100 GWh, de los cuales el <em>99,6% fueron generados a partir de termoelectricidad<\/em> y 0,4% correspondi\u00f3 a Hidr\u00e1ulica de Pasada. Mientras que, en 2016 se generaron 19.448 GWh (26,3% del total nacional) categorizados en un <strong>94% termoelectricidad<\/strong>, 0.3% Hidr\u00e1ulico y 5,7% ERNC.<\/p>\n<p>Espec\u00edficamente en relaci\u00f3n con el <strong>Carb\u00f3n<\/strong>, este aument\u00f3 su participaci\u00f3n de generaci\u00f3n el\u00e9ctrica en 7.958,3 GWh durante el periodo considerado en este estudio, con una tasa anual de crecimiento de 13%. Respecto a su importancia relativa en la generaci\u00f3n de energ\u00eda, pas\u00f3 de un <strong>48% en 2010 a un 78% en 2016.<\/strong> As\u00ed, este sistema pas\u00f3 de consumir 2.952.787 toneladas de carb\u00f3n en 2010 a 5.752.133 ton para la producci\u00f3n de electricidad en fuentes termoel\u00e9ctricas en 2016. En este sentido, a pesar del aumento en la potencia el\u00e9ctrica de las ERNC, como la tecnolog\u00eda solar o e\u00f3lica, la termoelectricidad y espec\u00edficamente el carb\u00f3n constituyen el principal sustento de la generaci\u00f3n el\u00e9ctrica en el SING (Gr\u00e1fico 4).<\/p>\n<p>Gr\u00e1fico 4. SING: Evoluci\u00f3n de la Composici\u00f3n de la Generaci\u00f3n El\u00e9ctrica Bruta por Tipo de Combustible, periodo 2010-2017 (unidades en %).<\/p>\n<p><img loading=\"lazy\" decoding=\"async\" class=\"alignleft wp-image-1507 size-full\" src=\"https:\/\/www.terram.cl\/carbon\/wp-content\/uploads\/sites\/2\/2017\/07\/grafico-8-termo.jpg\" alt=\"\" width=\"1177\" height=\"665\" srcset=\"https:\/\/www.terram.cl\/carbon\/wp-content\/uploads\/sites\/2\/2017\/07\/grafico-8-termo.jpg 1177w, https:\/\/www.terram.cl\/carbon\/wp-content\/uploads\/sites\/2\/2017\/07\/grafico-8-termo-300x169.jpg 300w, https:\/\/www.terram.cl\/carbon\/wp-content\/uploads\/sites\/2\/2017\/07\/grafico-8-termo-768x434.jpg 768w, https:\/\/www.terram.cl\/carbon\/wp-content\/uploads\/sites\/2\/2017\/07\/grafico-8-termo-1024x579.jpg 1024w, https:\/\/www.terram.cl\/carbon\/wp-content\/uploads\/sites\/2\/2017\/07\/grafico-8-termo-258x146.jpg 258w, https:\/\/www.terram.cl\/carbon\/wp-content\/uploads\/sites\/2\/2017\/07\/grafico-8-termo-50x28.jpg 50w, https:\/\/www.terram.cl\/carbon\/wp-content\/uploads\/sites\/2\/2017\/07\/grafico-8-termo-212x120.jpg 212w\" sizes=\"auto, (max-width: 1177px) 100vw, 1177px\" \/><\/p>\n<p>&nbsp;<\/p>\n<p><em>Fuente: Elaboraci\u00f3n Propia a partir de datos de la CNE <\/em>(Informaci\u00f3n solicitada por Ley de Transparencia)<\/p>\n<p>&nbsp;<\/p>\n<h3><em>Sistema Interconectado Central (SIC)<\/em><\/h3>\n<p>El Sistema Interconectado Central es el m\u00e1s extenso del pa\u00eds, con aproximadamente 2.200 kil\u00f3metros. Cubre la demanda el\u00e9ctrica del 92% de la poblaci\u00f3n nacional, desde la regi\u00f3n de Atacama (III) hasta la regi\u00f3n de Los Lagos (X) y representa cerca del 76% de la capacidad instalada del pa\u00eds, compuesta actualmente en un <strong>45% por termoelectricidad<\/strong> (7983,4 MW).<\/p>\n<p>Hacia el a\u00f1o <strong>2010<\/strong>, el SIC ten\u00eda una <strong>Capacidad instalada<\/strong> de 11.736,2 MW, de los cuales alrededor del <em>52% correspond\u00eda a termoelectricidad<\/em> (25,4% Gas, 11,7% Carb\u00f3n y 14,9% Diesel). De este modo, la capacidad instalada del SIC, en el periodo 2010-2016 se ha incrementado a una tasa de 5,4% anual.<\/p>\n<p>De acuerdo con lo se\u00f1alado, la <strong>Termoelectricidad<\/strong> ha disminuido su importancia relativa en la potencia instalada del SIC en un 7% entre el a\u00f1o 2010 y 2016. No obstante, se ha incrementado a una tasa de 3,6% anual en el mismo periodo. Por su parte, la capacidad instalada proveniente de la Hidroelectricidad aument\u00f3 a una tasa de 2,7% anual, mientras que su importancia relativa en la potencia instalada del SIC pas\u00f3 de 44% en 2010 a 38% en 2016.\u00a0 La disminuci\u00f3n en la potencia instalada de fuentes convencionales, al igual que en el SING, puede explicarse debido al aumento del potencial energ\u00e9tico de las ERNC, que han incrementado su participaci\u00f3n relativa en 9,7% en el periodo antes mencionado (Gr\u00e1fico 5).<\/p>\n<p>Respecto al <strong>Carb\u00f3n<\/strong>, para el periodo 2010-2016 pas\u00f3 de 1479 MW a 2357 MW, lo que indica una tasa de crecimiento del 8% anual en la capacidad instalada del SIC. En t\u00e9rminos relativos, es decir, de acuerdo con el porcentaje que representa el carb\u00f3n en relaci\u00f3n con el total anual, la potencia instalada en base a este combustible ha aumentado cerca de un 2% en el mismo periodo antes mencionado (Gr\u00e1fico 5). De acuerdo con la informaci\u00f3n disponible, la matriz energ\u00e9tica del SIC posee una mayor diversificaci\u00f3n que el SING respecto a los combustibles que determinan la capacidad instalada.<\/p>\n<p>Gr\u00e1fico 5<strong>. <\/strong>SIC: Evoluci\u00f3n de la Composici\u00f3n de la Capacidad Instalada por Tipo de Combustible, 2010-2017 (unidades en %).<\/p>\n<p><img loading=\"lazy\" decoding=\"async\" class=\"wp-image-1508 size-full alignleft\" src=\"https:\/\/www.terram.cl\/carbon\/wp-content\/uploads\/sites\/2\/2017\/07\/grafico-9-termo.jpg\" alt=\"\" width=\"1041\" height=\"644\" srcset=\"https:\/\/www.terram.cl\/carbon\/wp-content\/uploads\/sites\/2\/2017\/07\/grafico-9-termo.jpg 1041w, https:\/\/www.terram.cl\/carbon\/wp-content\/uploads\/sites\/2\/2017\/07\/grafico-9-termo-300x186.jpg 300w, https:\/\/www.terram.cl\/carbon\/wp-content\/uploads\/sites\/2\/2017\/07\/grafico-9-termo-768x475.jpg 768w, https:\/\/www.terram.cl\/carbon\/wp-content\/uploads\/sites\/2\/2017\/07\/grafico-9-termo-1024x633.jpg 1024w, https:\/\/www.terram.cl\/carbon\/wp-content\/uploads\/sites\/2\/2017\/07\/grafico-9-termo-236x146.jpg 236w, https:\/\/www.terram.cl\/carbon\/wp-content\/uploads\/sites\/2\/2017\/07\/grafico-9-termo-50x31.jpg 50w, https:\/\/www.terram.cl\/carbon\/wp-content\/uploads\/sites\/2\/2017\/07\/grafico-9-termo-194x120.jpg 194w\" sizes=\"auto, (max-width: 1041px) 100vw, 1041px\" \/><\/p>\n<p>&nbsp;<\/p>\n<p><em>Fuente: Elaboraci\u00f3n Propia a partir de datos de CNE, 2016; 2017, CDEC, 2010 y 2015 y Fundaci\u00f3n Terram, 2011<\/em><\/p>\n<p>Respecto a la <strong>Generaci\u00f3n Bruta de Electricidad (GBE) del SIC<\/strong>, en el periodo 2010-2016 aument\u00f3 a una tasa de 3,7% anual. En el a\u00f1o 2010 fue de 43.156 GWh, de los cuales <em>el 48,2% fueron generados a partir de termoelectricidad, <\/em>49% Hidroelectricidad y 2,7 ERNC<em>. <\/em>Mientras que, en 2016, se generaron 53.905 GWh (72,9% del total nacional) <strong>categorizados en un 52% termoelectricidad,<\/strong> 36% Hidr\u00e1ulico y 11% ERNC (Gr\u00e1fico 6).<\/p>\n<p>Espec\u00edficamente respecto al <strong>Carb\u00f3n<\/strong>, este aument\u00f3 su participaci\u00f3n de generaci\u00f3n el\u00e9ctrica en 7.912,4 GWh en el periodo 2010-2016, con una tasa anual de crecimiento de 11%. Respecto a su importancia relativa en la generaci\u00f3n de energ\u00eda, esta pas\u00f3 de un 20% en 2010 a un 28% en 2016. As\u00ed, actualmente este sistema consume 5.825.097 toneladas para la producci\u00f3n de electricidad en las termoel\u00e9ctricas. En este sentido, a pesar de la mayor diversificaci\u00f3n de la matriz del SIC en su potencia instalada, y de las contribuciones que actualmente realizan a la generaci\u00f3n de electricidad las ERNC, como la tecnolog\u00eda solar o e\u00f3lica, la termoelectricidad y espec\u00edficamente el carb\u00f3n constituyen uno de los principales sustentos de la generaci\u00f3n el\u00e9ctrica en el SIC (Gr\u00e1fico 6). Este panorama -al igual que en el SING-\u00a0 responde principalmente a los bajos costos por MW producido en las termoel\u00e9ctricas a carb\u00f3n, factor que ha definido las preferencias adoptadas por el sector privado.<\/p>\n<p>Gr\u00e1fico 6. SIC: Evoluci\u00f3n de la Composici\u00f3n de la Generaci\u00f3n El\u00e9ctrica Bruta por Tipo de Combustible, periodo 2010-2017 (unidades en %).<\/p>\n<p><img loading=\"lazy\" decoding=\"async\" class=\"wp-image-1509 size-full alignleft\" src=\"https:\/\/www.terram.cl\/carbon\/wp-content\/uploads\/sites\/2\/2017\/07\/grafico-10-termo.jpg\" alt=\"\" width=\"1081\" height=\"664\" srcset=\"https:\/\/www.terram.cl\/carbon\/wp-content\/uploads\/sites\/2\/2017\/07\/grafico-10-termo.jpg 1081w, https:\/\/www.terram.cl\/carbon\/wp-content\/uploads\/sites\/2\/2017\/07\/grafico-10-termo-300x184.jpg 300w, https:\/\/www.terram.cl\/carbon\/wp-content\/uploads\/sites\/2\/2017\/07\/grafico-10-termo-768x472.jpg 768w, https:\/\/www.terram.cl\/carbon\/wp-content\/uploads\/sites\/2\/2017\/07\/grafico-10-termo-1024x629.jpg 1024w, https:\/\/www.terram.cl\/carbon\/wp-content\/uploads\/sites\/2\/2017\/07\/grafico-10-termo-238x146.jpg 238w, https:\/\/www.terram.cl\/carbon\/wp-content\/uploads\/sites\/2\/2017\/07\/grafico-10-termo-50x31.jpg 50w, https:\/\/www.terram.cl\/carbon\/wp-content\/uploads\/sites\/2\/2017\/07\/grafico-10-termo-195x120.jpg 195w\" sizes=\"auto, (max-width: 1081px) 100vw, 1081px\" \/><\/p>\n<p>&nbsp;<\/p>\n<p><em>Fuente: Elaboraci\u00f3n Propia a partir de datos de la CNE <\/em>(Informaci\u00f3n solicitada por Ley de Transparencia).<\/p>\n","protected":false},"excerpt":{"rendered":"<p>Hacia el a\u00f1o 2010 el sector el\u00e9ctrico nacional contaba con una capacidad instalada de 15.460 MW de potencia, mientras que la generaci\u00f3n de electricidad alcanz\u00f3 los&#8230;<\/p>\n","protected":false},"author":14,"featured_media":125008,"parent":1326,"menu_order":2,"comment_status":"closed","ping_status":"closed","template":"","meta":{"footnotes":"","_links_to":"","_links_to_target":""},"class_list":["post-1355","page","type-page","status-publish","has-post-thumbnail","hentry"],"_links":{"self":[{"href":"https:\/\/www.terram.cl\/carbon\/wp-json\/wp\/v2\/pages\/1355","targetHints":{"allow":["GET"]}}],"collection":[{"href":"https:\/\/www.terram.cl\/carbon\/wp-json\/wp\/v2\/pages"}],"about":[{"href":"https:\/\/www.terram.cl\/carbon\/wp-json\/wp\/v2\/types\/page"}],"author":[{"embeddable":true,"href":"https:\/\/www.terram.cl\/carbon\/wp-json\/wp\/v2\/users\/14"}],"replies":[{"embeddable":true,"href":"https:\/\/www.terram.cl\/carbon\/wp-json\/wp\/v2\/comments?post=1355"}],"version-history":[{"count":0,"href":"https:\/\/www.terram.cl\/carbon\/wp-json\/wp\/v2\/pages\/1355\/revisions"}],"up":[{"embeddable":true,"href":"https:\/\/www.terram.cl\/carbon\/wp-json\/wp\/v2\/pages\/1326"}],"wp:featuredmedia":[{"embeddable":true,"href":"https:\/\/www.terram.cl\/carbon\/wp-json\/wp\/v2\/media\/125008"}],"wp:attachment":[{"href":"https:\/\/www.terram.cl\/carbon\/wp-json\/wp\/v2\/media?parent=1355"}],"curies":[{"name":"wp","href":"https:\/\/api.w.org\/{rel}","templated":true}]}}