{"id":1363,"date":"2017-07-25T02:13:50","date_gmt":"2017-07-25T06:13:50","guid":{"rendered":"http:\/\/localhost\/terram\/nomascarbon\/\/?page_id=1363"},"modified":"2019-11-13T16:47:08","modified_gmt":"2019-11-13T15:47:08","slug":"impactos","status":"publish","type":"page","link":"https:\/\/www.terram.cl\/carbon\/zonas-de-sacrificio\/impactos\/","title":{"rendered":"Impactos por zona"},"content":{"rendered":"<h3>Mejillones<\/h3>\n<p><strong>Ubicaci\u00f3n:<\/strong> Esta comuna se ubica en la regi\u00f3n de Antofagasta, a 65 km de la ciudad de Antofagasta\u00a0 a 1.440 km de Santiago. Con una superficie de 3.803,9 km2 y una densidad demogr\u00e1fica de 2,21 hab\/km2, integra a las localidades de Mejillones, Carolina de Michilla y Hornitos. Limita al norte con la comuna de Tocopilla, al Este con la comuna de Mar\u00eda Elena, y Sierra Gorda, y al Sur, con la comuna de Antofagasta.<\/p>\n<p><strong>Poblaci\u00f3n:<\/strong> Seg\u00fan datos del Censo de 2012, la comuna de Mejillones presenta una poblaci\u00f3n de 9.601, representando el 1,9% de la poblaci\u00f3n regional y el 0,1% de la poblaci\u00f3n nacional.<\/p>\n<p><strong>Principal Centro Urbano: <\/strong>Ciudad de Mejillones, relacionado al dinamismo econ\u00f3mico originado por el auge de la actividad minera, a partir de los servicios portuarios, industriales y energ\u00e9ticos que se han localizado en este territorio. Existe una importante presencia de pescadores artesanales al norte de la comuna.<\/p>\n<p><strong>Desarrollo econ\u00f3mico:<\/strong> A partir del potenciamiento de la actividad industrial, la Comuna de ha experimentado un aumento considerable de las zonas destinadas a esta actividad. Mejillones participa de la cobertura el\u00e9ctrica realizada por el Sistema Interconectado del Norte Grande (SING), que comprende las regiones de Arica y Parinacota (XV), Tarapac\u00e1 (I), y Antofagasta (II), siendo sus principales usuarios las empresas mineras e industriales. A febrero de 2017, la comuna de Mejillones posee el 75% de la potencia instalada del SING, y el 17% a nivel nacional. En 1995 se instala la primera termoel\u00e9ctrica en el \u00e1rea, Termoel\u00e9ctrica Mejillones, que actualmente posee dos unidades a carb\u00f3n en funcionamiento. En 2000 exist\u00edan cinco unidades generadoras, y en el periodo 2011-2016 se han instalado nueve unidades m\u00e1s.<\/p>\n<p><strong>Impactos:<\/strong> El modelo de desarrollo ha significado un aumento en las emisiones atmosf\u00e9ricas, acopio y transporte de sustancias peligrosas, emisiones de sustancias y l\u00edquidos peligrosos, p\u00e9rdida del ecosistema del desierto costero reconocido internacionalmente por su riqueza de avifauna. Otro tema relevante es que se ha producido un desplazamiento de la actividad pesquera artesanal, por la evidencia de presencia de metales pesados en el fondo marino. A pesar de este panorama, Mejillones no est\u00e1 contemplada como Zona Latente (mucho menos Saturada), y carece por ello, de planes de descontaminaci\u00f3n.<\/p>\n<h3>Tocopilla<\/h3>\n<p><strong>Ubicaci\u00f3n:<\/strong> Esta comuna se encuentra ubicada en la regi\u00f3n de Antofagasta, en una estrecha plataforma rodeada por la Cordillera de la Costa, a una distancia de 188 km de la ciudad de Antofagasta. Tiene una superficie de 4.039 km2. Limita al norte con la comuna de Iquique, y al sur con la comuna de Mejillones, al este con la comuna de Mar\u00eda Elena y al oeste con el Oc\u00e9ano pac\u00edfico, con m\u00e1s de 145 km de costa.<\/p>\n<p><strong>Poblaci\u00f3n:<\/strong> La poblaci\u00f3n de la comuna alcanza, seg\u00fan el Censo de 2012, un total de 25.091 habitantes que constituyen el 4,58% de la poblaci\u00f3n total de la Regi\u00f3n de Antofagasta. Si bien esta cifra es proporcionalmente baja dentro del contexto regional, Tocopilla es la tercera comuna con mayor poblaci\u00f3n en la regi\u00f3n, despu\u00e9s de Antofagasta y Calama.<\/p>\n<p><strong>Principal Centro Urbano:<\/strong> Su principal centro poblado es la ciudad de Tocopilla que concentra el 98,55% del total de la poblaci\u00f3n comunal, en donde se encuentran las principales actividades productivas (Energ\u00e9tica y portuaria) y de servicios (Salud, educaci\u00f3n, financieros, institucionales, etc.).<\/p>\n<p><strong>Desarrollo Econ\u00f3mico:<\/strong> La comuna de Tocopilla ha actuado desde inicios del siglo XX como soporte del sector productivo minero y energ\u00e9tico. A pesar de la importancia de Tocopilla en cuanto productor de electricidad para el funcionamiento del proyecto minero, este poblado se fue constituyendo como una \u00abzona invisible\u00bb, que refleja claramente los desarrollos desiguales y jerarquizados que la econom\u00eda global capitalista produce. Actualmente, la industria de generaci\u00f3n el\u00e9ctrica suministra el 31% de la generaci\u00f3n total de energ\u00eda del Sistema Interconectado del Norte Grande (SING), mediante 11 unidades generadoras de la empresa Engie, y 2 unidades de la Termoel\u00e9ctrica Norgener (Nueva Tocopilla) perteneciente a la empresa Aes Gener. Sumado a esto, Tocopilla posee una planta productora de cobre, una industria pesquera, un terminal de ferrocarril salitrero, un puerto mecanizado de salitre y de descarga de carb\u00f3n, este \u00faltimo asociado a las unidades termoel\u00e9ctricas que operan con este combustible. El uso industrial a gran escala est\u00e1 inserto en medio de la trama urbana, en donde se emplazan las industrias mineras y termoel\u00e9ctricas.<\/p>\n<p><strong>Impactos:<\/strong> Los proyectos industriales actuales generan un conjunto de problem\u00e1ticas relacionadas con la falta de infraestructura urbana, tales como: congesti\u00f3n vehicular, aumento en los accidentes de tr\u00e1nsito, falta de estacionamientos y espacios recreacionales. El borde costero de la ciudad ha sido d\u00e9bilmente desarrollado para uso p\u00fablico, ya que hist\u00f3ricamente ha sido aprovechado por las industrias, situaci\u00f3n que ha generado un gran deterioro medio ambiental del borde costero, y accesibilidad limitada para el habitante com\u00fan tocopillano. Otro problema producido por el emplazamiento de la zona industrial en la ciudad de Tocopilla tiene relaci\u00f3n con la desconexi\u00f3n norte-sur de la trama urbana. Sumado a esto, existe la problem\u00e1tica de la contaminaci\u00f3n industrial. La direcci\u00f3n de los vientos y la falta de precipitaciones han ocasionado problemas de contaminaci\u00f3n, ya que no permiten la dispersi\u00f3n de los contaminantes generados por las emisiones provenientes de las distintas plantas de generaci\u00f3n de energ\u00eda termoel\u00e9ctrica. Si bien actualmente existen estaciones de monitoreo de la calidad de aire que demuestran que \u00faltimamente no se han sobrepasados los l\u00edmites impuestos por las normas de emisiones, los habitantes de Tocopilla llevan m\u00e1s de 100 a\u00f1os conviviendo con la poluci\u00f3n generada por las empresas, involucrando material tan da\u00f1ino como ars\u00e9nico, petcoke, holl\u00edn, azufre, mercurio, vanadio, n\u00edquel, entre otros. En este sentido, es preocupante que la contaminaci\u00f3n atmosf\u00e9rica producida por termoel\u00e9ctricas e industrias peligrosas, no se entienda en t\u00e9rminos de acumulaci\u00f3n f\u00edsico \u2013 org\u00e1nica, sino solo de la norma ambiental diaria y anual.<\/p>\n<h3>Huasco<\/h3>\n<p><strong>Ubicaci\u00f3n:<\/strong> Comuna ubicada en el norte de Chile, en la regi\u00f3n de Tarapac\u00e1. Se encuentra a 192 km al sur-oeste de la ciudad de Copiap\u00f3, capital regional. Su superficie es de 1.601,4 km2. Limita al norte y al este con la Comuna de Copiap\u00f3; al sur con la Comuna de Freirina y Vallenar; al oeste con el oc\u00e9ano pac\u00edfico.<\/p>\n<p><strong>Poblaci\u00f3n:<\/strong> Se estima que la poblaci\u00f3n de la Comuna de Huasco asciende a 9.737 habitantes (INE 2015).<\/p>\n<p><strong>Principal centro urbano:<\/strong> La ciudad de Huasco es el principal centro urbano de la comuna.<\/p>\n<p><strong>Desarrollo econ\u00f3mico:<\/strong> Emplazada en la costa, el desarrollo portuario de Huasco data desde el a\u00f1o 1600 en el sector llamado \u201cpuerto viejo\u201d de donde se sacaban minerales, especialmente cobre. Hacia 1880 el auge del salitre abri\u00f3 otro espacio de exportaci\u00f3n para abastecer a las salitreras, como productos agr\u00edcolas a lo largo del valle del Huasco como aceitunas, vinos o vacunos. El desarrollo minero en el norte de Chile permiti\u00f3 que el desarrollo econ\u00f3mico de Huasco fuera en torno a la actividad agr\u00edcola pero tambi\u00e9n en base a la actividad portuaria de embarque. Hoy el desarrollo econ\u00f3mico se ha consolidado en torno al puerto, especialmente como exportador de peque\u00f1a y mediana miner\u00eda de hierro de la regi\u00f3n. Tambi\u00e9n se han instalado diferentes unidades termoel\u00e9ctricas, como Guacolda (Que posee cinco unidades generadoras a carb\u00f3n-petcoke) y Termoel\u00e9ctrica Huasco (Con 3 unidades a diesel). La Central Termoel\u00e9ctrica Punta Alcalde, en base a carb\u00f3n, se encuentra aprobada por el SEIA. Las actividades tur\u00edsticas o pesquera artesanal tambi\u00e9n se desarrollan en la comuna, pero en otras localidades como Carrizal.<\/p>\n<p><strong>Impactos:<\/strong> La instalaci\u00f3n de termoel\u00e9ctricas, sumado a la actividad portuaria, ha generado un foco de contaminaci\u00f3n, afectando el aire, playas, y el casco urbano. El petcoke utilizado en Bocamina, produce una alta emisi\u00f3n de anh\u00eddrido sulfuroso y material particulado respirable fino, en el que se hallan n\u00edquel, di\u00f3xido de azufre, vanadio y otros metales pesados. A esta contaminaci\u00f3n se suman los trenes que cruzan Huasco, transportando hierro pulverizado a la planta de pellets, sin protecci\u00f3n para su carga. Un estudio de la Escuela de Salud P\u00fablica de la Universidad de Chile (Octubre de 2005) revel\u00f3 que la concentraci\u00f3n promedio de n\u00edquel en Huasco era de 50,1 Ng\/m3, alcanzado m\u00e1ximos de 1.310 Ng\/m3. Tambi\u00e9n se consign\u00f3 que el n\u00edquel se adhiere a las part\u00edculas finas de hierro, lo que expone a\u00fan m\u00e1s a la poblaci\u00f3n de Huasco a la inhalaci\u00f3n de part\u00edculas cancer\u00edgenas.<\/p>\n<h3>Puchuncav\u00ed-Quintero<\/h3>\n<p><strong>Ubicaci\u00f3n:<\/strong> Ambas comunas est\u00e1n ubicadas en el centro de pa\u00eds, en la zona costera de la Regi\u00f3n de Valpara\u00edso. Limitan entre s\u00ed, localiz\u00e1ndose Puchuncav\u00ed al norte y Quintero al sur de esta. Puchuncav\u00ed tiene una superficie de 300 km2 limita al norte con la comuna de Zapallar, al este con las comunas de Nogales y La Cruz, al sur con la comuna de Quillota y Quintero y al oeste con el Oc\u00e9ano Pac\u00edfico. Quintero tiene una superficie 148 km2 de limita al norte con la comuna de Puchuncav\u00ed, al este con las comunas de Puchuncav\u00ed y Quillota, al sur: con la comuna de Conc\u00f3n y al oeste con el oc\u00e9ano Pac\u00edfico.<\/p>\n<p><strong>Poblaci\u00f3n:<\/strong> La poblaci\u00f3n estimada de acuerdo a la informaci\u00f3n del INE (2015) para la Comuna de Puchuncav\u00ed es de 16.688 habitantes y para la Comuna de Quintero de 26.296 habitantes.<\/p>\n<p><strong>Principal Centro Urbano:<\/strong> Los principales centros urbanos de estas comunas corresponden a las ciudades de Quintero y Puchuncav\u00ed. Adem\u00e1s, se encuentra la localidad de Loncura, a un costado del parque industrial.<\/p>\n<p><strong>Desarrollo econ\u00f3mico:<\/strong> Durante la primera mitad del siglo pasado, la Bah\u00eda de Quintero, era una zona dedicada principalmente a la pesca artesanal y al desarrollo de la agricultura. En el marco del proceso de <em>desarrollo econ\u00f3mico nacional<\/em>, se instala en 1958 en la bah\u00eda una termoel\u00e9ctrica de propiedad de la entonces empresa estatal Chilectra, y en el a\u00f1o 1964, la Fundici\u00f3n Ventanas, de la Empresa Nacional de Miner\u00eda (ENAMI). En 1961 fue inaugurado el Parque Industrial de Ventanas, que se desarroll\u00f3 en los l\u00edmites de las comunas de Puchuncav\u00ed y Quintero. A la fecha se han instalado m\u00e1s de una decena de empresas peligrosas y contaminantes en la zona, dentro de las que se encuentran 4 unidades generadoras de electricidad a carb\u00f3n y 2 a petr\u00f3leo diesel. A pesar de la <em>vocaci\u00f3n industrial <\/em>asignada a este territorio, la pesca artesanal y la agricultura se siguen desarrollando, as\u00ed como el turismo estacional, ya que responde en mayor medida a la temporada estival.<\/p>\n<p><strong>Impactos:<\/strong> La instalaci\u00f3n de este Parque Industrial ha significado un aumento considerable de la contaminaci\u00f3n. Desde sus inicios cont\u00f3 con la resistencia de variados actores locales, los primeros fueron los agricultores que interpusieron demandas contra ENAMI por da\u00f1o a cultivos y animales. Esto implic\u00f3 que en la d\u00e9cada de los 80&#8217;s ya se hicieran estudios del nivel de contaminaci\u00f3n en el agua y el suelo y en los trabajadores de la refiner\u00eda y la fundici\u00f3n. El a\u00f1o 1992 se reconoci\u00f3 el alto nivel de contaminaci\u00f3n en la zona, por lo que se adoptaron medidas como el Plan de Descontaminaci\u00f3n del Complejo Industrial, propuesto por ENAMI y Chilgener. En tanto, en 1993 el Ministerio de Agricultura, declar\u00f3 Puchuncav\u00ed y Quintero como Zona Saturada de contaminaci\u00f3n por anh\u00eddrido sulfuroso y material particulado. A pesar de esta declaraci\u00f3n, se han instalado m\u00e1s de una decena de empresas peligrosas y contaminantes en la zona. En el a\u00f1o 2008 ingresaron al SEIA dos nuevos proyectos termoel\u00e9ctricos a carb\u00f3n, que gracias a la firme oposici\u00f3n de las comunidades de Quintero y Puchuncav\u00ed no se ejecutaron, sin embargo en 2013 comienza a operar Termoel\u00e9ctrica Campiche, luego de intervenciones directas del Gobierno de Michelle Bachelet, pues la comunidad hab\u00eda logrado por la v\u00eda judicial paralizar la instalaci\u00f3n de esta central tras una larga lucha y mediante acciones legales.<\/p>\n<h3>Coronel<\/h3>\n<p><strong>Ubicaci\u00f3n:<\/strong> La comuna de Coronel est\u00e1 ubicada en el centro-sur de Chile, regi\u00f3n del Biob\u00edo. Se encuentra a 30 kil\u00f3metros al sur de la capital regional, la ciudad de Concepci\u00f3n. Con una superficie de 279 km2, limita la norte con la comuna de San Pedro de la Paz, al este con el r\u00edo Biob\u00edo (l\u00edmite natural con la comuna de Concepci\u00f3n y Hualqui); al sur limita con las comunas de Lota y Santa Juana. Al Oeste limita con el Oc\u00e9ano Pac\u00edfico.<\/p>\n<p><strong>Poblaci\u00f3n:<\/strong> De acuerdo con el INE (2015) cuenta con una poblaci\u00f3n de 111.455 habitantes.<\/p>\n<p><strong>Principal centro urbano:<\/strong> Su principal centro urbano es la ciudad de Coronel, capital comunal.<\/p>\n<p><strong>Desarrollo econ\u00f3mico:<\/strong> En t\u00e9rminos econ\u00f3micos Coronel fue un punto importante para el desarrollo minero que se gener\u00f3 en la zona a partir de las minas de carb\u00f3n (Junto con Lota) aproximadamente a partir de 1847, cuando es su fundaci\u00f3n como Comuna. El importante rol que ten\u00eda el puerto de Coronel, dur\u00f3 hasta el a\u00f1o 1990, fecha en las minas de carb\u00f3n se cerraron casi en su totalidad. En este periodo comienza el incentivo para la instalaci\u00f3n de ciertas industrias con la creaci\u00f3n de \u201cParques Industriales\u201d para contrarrestar la crisis econ\u00f3mica y p\u00e9rdidas de fuentes laborales que dej\u00f3 el cierre de las minas. Hoy su localizaci\u00f3n en el centro-sur del pa\u00eds, adosado a su puerto, la comuna se ha consolidado en aspectos industriales portuarios, adem\u00e1s de la instalaci\u00f3n de termoel\u00e9ctricas y el desarrollo de sectores productivos como el sector, forestal y pesquero en menor medida. Actualmente en la comuna existen 3 unidades generadoras de energ\u00eda a carb\u00f3n (Bocamina I y II, Santa Mar\u00eda I), una UGE en base a gas natural y dos unidades a biomasa.<\/p>\n<p><strong>Impactos:<\/strong> Una de las mayores problem\u00e1ticas de la comuna de Coronel es el fuerte deterioro de la calidad del aire, lo cual obedece en forma directa a la importante concentraci\u00f3n de industrias y de centrales de energ\u00eda que se han localizado en diferentes lugares al interior de la zona urbana. Por otra parte, la actividad pesquera est\u00e1 presentando una importante reducci\u00f3n dada la sobreexplotaci\u00f3n de los recursos, adem\u00e1s de la grave contaminaci\u00f3n de las aguas de la Bah\u00eda. Esta situaci\u00f3n fue cr\u00edtica en 2012, por lo que tres funcionarios y ejecutivos de la entonces Endesa, hoy Enel Chile, ser\u00e1n formalizados por la contaminaci\u00f3n que caus\u00f3 la termoel\u00e9ctrica Bocamina en las costas de la comuna de Coronel. En abril de 2013, se aprob\u00f3 el nuevo Plan Regulador Comunal de Coronel, que impide la instalaci\u00f3n de nuevas centrales termoel\u00e9ctricas en la zona urbana de la comuna. Esta acci\u00f3n constituye una demostraci\u00f3n de fuerzas que deja claro el rechazo a una actividad nociva para la salud, econom\u00eda local y recursos naturales. As\u00ed, los habitantes de Coronel y las autoridades locales poseen mayores atribuciones para hacer frente a intereses ex\u00f3genos de ocupaci\u00f3n del territorio.<\/p>\n","protected":false},"excerpt":{"rendered":"<p>Mejillones Ubicaci\u00f3n: Esta comuna se ubica en la regi\u00f3n de Antofagasta, a 65 km de la ciudad de Antofagasta\u00a0 a 1.440 km de Santiago. Con una&#8230;<\/p>\n","protected":false},"author":14,"featured_media":125008,"parent":98,"menu_order":2,"comment_status":"closed","ping_status":"closed","template":"","meta":{"footnotes":"","_links_to":"","_links_to_target":""},"class_list":["post-1363","page","type-page","status-publish","has-post-thumbnail","hentry"],"_links":{"self":[{"href":"https:\/\/www.terram.cl\/carbon\/wp-json\/wp\/v2\/pages\/1363","targetHints":{"allow":["GET"]}}],"collection":[{"href":"https:\/\/www.terram.cl\/carbon\/wp-json\/wp\/v2\/pages"}],"about":[{"href":"https:\/\/www.terram.cl\/carbon\/wp-json\/wp\/v2\/types\/page"}],"author":[{"embeddable":true,"href":"https:\/\/www.terram.cl\/carbon\/wp-json\/wp\/v2\/users\/14"}],"replies":[{"embeddable":true,"href":"https:\/\/www.terram.cl\/carbon\/wp-json\/wp\/v2\/comments?post=1363"}],"version-history":[{"count":0,"href":"https:\/\/www.terram.cl\/carbon\/wp-json\/wp\/v2\/pages\/1363\/revisions"}],"up":[{"embeddable":true,"href":"https:\/\/www.terram.cl\/carbon\/wp-json\/wp\/v2\/pages\/98"}],"wp:featuredmedia":[{"embeddable":true,"href":"https:\/\/www.terram.cl\/carbon\/wp-json\/wp\/v2\/media\/125008"}],"wp:attachment":[{"href":"https:\/\/www.terram.cl\/carbon\/wp-json\/wp\/v2\/media?parent=1363"}],"curies":[{"name":"wp","href":"https:\/\/api.w.org\/{rel}","templated":true}]}}