{"id":98,"date":"2015-07-13T04:35:58","date_gmt":"2015-07-13T08:35:58","guid":{"rendered":"http:\/\/localhost\/terram\/nomascarbon\/\/?page_id=98"},"modified":"2019-11-13T16:21:52","modified_gmt":"2019-11-13T15:21:52","slug":"zonas-de-sacrificio","status":"publish","type":"page","link":"https:\/\/www.terram.cl\/carbon\/zonas-de-sacrificio\/","title":{"rendered":"Zonas de Sacrificio"},"content":{"rendered":"<p>Son sectores geogr\u00e1ficos de alta concentraci\u00f3n industrial, en los que se ha priorizado el establecimiento de polos industriales, por sobre el bienestar de las personas y el ambiente. Concepto acu\u00f1ado por la Agencia de Protecci\u00f3n Ambiental de Estados Unidos (EPA). Las zonas de sacrificio son mayormente lugares de bajos ingresos, en los cuales se han instalado industrias declarando intenciones de desarrollo, adem\u00e1s de mejoras en las condiciones de trabajo y vida para sus habitantes. Sin embargo, sus habitantes alegan que la contaminaci\u00f3n ha degradado su salud y bienestar, adem\u00e1s de deteriorar ecosistemas marinos y terrestres necesarios para su bienestar y desarrollo econ\u00f3mico local.<\/p>\n","protected":false},"excerpt":{"rendered":"<p>Son sectores geogr\u00e1ficos de alta concentraci\u00f3n industrial, en los que se ha priorizado el establecimiento de polos industriales, por sobre el bienestar de las personas y&#8230;<\/p>\n","protected":false},"author":16,"featured_media":125008,"parent":0,"menu_order":3,"comment_status":"open","ping_status":"closed","template":"","meta":{"footnotes":"","_links_to":"","_links_to_target":""},"class_list":["post-98","page","type-page","status-publish","has-post-thumbnail","hentry"],"_links":{"self":[{"href":"https:\/\/www.terram.cl\/carbon\/wp-json\/wp\/v2\/pages\/98","targetHints":{"allow":["GET"]}}],"collection":[{"href":"https:\/\/www.terram.cl\/carbon\/wp-json\/wp\/v2\/pages"}],"about":[{"href":"https:\/\/www.terram.cl\/carbon\/wp-json\/wp\/v2\/types\/page"}],"author":[{"embeddable":true,"href":"https:\/\/www.terram.cl\/carbon\/wp-json\/wp\/v2\/users\/16"}],"replies":[{"embeddable":true,"href":"https:\/\/www.terram.cl\/carbon\/wp-json\/wp\/v2\/comments?post=98"}],"version-history":[{"count":0,"href":"https:\/\/www.terram.cl\/carbon\/wp-json\/wp\/v2\/pages\/98\/revisions"}],"wp:featuredmedia":[{"embeddable":true,"href":"https:\/\/www.terram.cl\/carbon\/wp-json\/wp\/v2\/media\/125008"}],"wp:attachment":[{"href":"https:\/\/www.terram.cl\/carbon\/wp-json\/wp\/v2\/media?parent=98"}],"curies":[{"name":"wp","href":"https:\/\/api.w.org\/{rel}","templated":true}]}}